{"id":22933,"date":"2024-06-21T13:44:17","date_gmt":"2024-06-21T11:44:17","guid":{"rendered":"https:\/\/kamae-conseil.com\/fr\/?page_id=22933"},"modified":"2024-07-03T07:28:57","modified_gmt":"2024-07-03T05:28:57","slug":"team-building","status":"publish","type":"page","link":"https:\/\/kamae-conseil.com\/fr\/team-building\/","title":{"rendered":"Team building"},"content":{"rendered":"<div class=\"wpb-content-wrapper\"><p>[vc_row row_type=\u00a0\u00bbrow\u00a0\u00bb type=\u00a0\u00bbfull_width\u00a0\u00bb text_align=\u00a0\u00bbleft\u00a0\u00bb css_animation=\u00a0\u00bb\u00a0\u00bb css=\u00a0\u00bb. vc_custom_1632823733143 {margin-top: 70px! important;}\u00a0\u00bb][vc_column css=\u00a0\u00bb. vc_custom_1632823797227 {margin: custom_1632823797227 20px! Important;}\u00a0\u00bb][vc_column_text css=\u00a0\u00bb.vc_custom_1718970171004{margin-top: 80px !important;margin-bottom: 20px !important;}\u00a0\u00bb]<\/p>\n<h2><span style=\"color: #631a45;\"><strong>POURQUOI INVESTIR DANS UN TEAM BUILDING ? <\/strong><\/span><\/h2>\n<p>[\/vc_column_text][vc_empty_space height=\u00a0\u00bb15px\u00a0\u00bb][\/vc_column][\/vc_row][vc_row row_type=\u00a0\u00bbrow\u00a0\u00bb type=\u00a0\u00bbfull_width\u00a0\u00bb text_align=\u00a0\u00bbleft\u00a0\u00bb css_animation=\u00a0\u00bb\u00a0\u00bb css=\u00a0\u00bb.vc_custom_1632827055352{margin-bottom: 100px !important;}\u00a0\u00bb][vc_column][vc_column_text css=\u00a0\u00bb\u00a0\u00bb]\u00ab Se r\u00e9unir est un d\u00e9but, rester ensemble est un progr\u00e8s, travailler ensemble est la r\u00e9ussite \u00bb (Henry Ford)<br \/>\nVous l\u2019exp\u00e9rimentez au quotidien, \u00ab travailler ensemble \u00bb ne va pas de soi.<\/p>\n<p>&nbsp;<\/p>\n<p>Une somme d\u2019individus ne devient en effet une \u00e9quipe que lorsqu\u2019elle est unie par la volont\u00e9 farouche de cr\u00e9er un esprit de coop\u00e9ration qu\u2019elle met au service d\u2019un projet commun.<\/p>\n<p>&nbsp;<\/p>\n<p>Elle demeure une \u00e9quipe lorsqu\u2019elle se montre capable d\u2019entretenir et de faire vivre cet \u00e9tat d\u2019esprit, quelles que soient les circonstances.<br \/>\nEn parall\u00e8le des actes manageriaux que vous posez au quotidien, un team building marquera les temps forts de la vie de votre \u00e9quipe :<br \/>\n\u25aa A la naissance d\u2019une future \u00e9quipe, un team building permettra de d\u00e9finir un id\u00e9al et d\u2019identifier les actes, rituels, fonctionnements, comportements, modes de communication, contributions, valeurs et r\u00e8gles d\u2019or qui d\u00e9finiront son cadre de coop\u00e9ration.<br \/>\n\u25aa En cours de vie, un team building alimentera ces fondations, offrira un espace d\u2019accueil et d\u2019int\u00e9gration aux nouveaux venus, permettra de se r\u00e9unir autour d\u2019un nouveau projet, d\u2019enrichir la connaissance mutuelle, d\u2019explorer de nouvelles ressources communes, de d\u00e9samorcer d\u2019\u00e9ventuelles tensions, de faire \u00e9voluer ou de red\u00e9finir le cadre de coop\u00e9ration si besoin.<\/p>\n<p>&nbsp;<\/p>\n<p>Le choix de l\u2019activit\u00e9 qui servira de \u00ab fil rouge \u00bb est primordial (de m\u00eame que le choix d\u2019un lieu adapt\u00e9).<br \/>\nQu\u2019elle soit ludique, sportive ou culturelle, cette activit\u00e9 n\u2019est qu\u2019un support qui n\u2019a de valeur que l\u2019il sert un objectif.<\/p>\n<p>&nbsp;<\/p>\n<p>Notre r\u00f4le \u00e0 vos c\u00f4t\u00e9s :<br \/>\n\u25aa Vous aider \u00e0 clarifier votre objectif<br \/>\n\u25aa Imaginer le d\u00e9roul\u00e9 et les activit\u00e9s<br \/>\n\u25aa Vous proposer un lieu qui portera et amplifiera votre message<br \/>\n\u25aa Animer votre team building (en collaboration si besoin avec des partenaires choisis sp\u00e9cifiquement pour leur ma\u00eetrise de l\u2019une des activit\u00e9s retenues)<br \/>\n\u25aa \u00c9changer avec vous sur des pistes d\u2019actions que vous pourrez mettre en \u0153uvre pour faire vivre sur le long terme les acquis de ce moment de partage[\/vc_column_text][\/vc_column][\/vc_row][vc_row row_type=\u00a0\u00bbrow\u00a0\u00bb type=\u00a0\u00bbgrid\u00a0\u00bb text_align=\u00a0\u00bbleft\u00a0\u00bb padding_top=\u00a0\u00bb50&Prime; padding_bottom=\u00a0\u00bb50&Prime; css_animation=\u00a0\u00bb\u00a0\u00bb css=\u00a0\u00bb.vc_custom_1719984535207{border-top-width: 3px !important;border-right-width: 3px !important;border-bottom-width: 3px !important;border-left-width: 3px !important;border-left-style: solid !important;border-right-style: solid !important;border-top-style: solid !important;border-bottom-style: solid !important;border-color: #631a45 !important;}\u00a0\u00bb][vc_column][vc_column_text css=\u00a0\u00bb\u00a0\u00bb]<\/p>\n<h2 style=\"text-align: center;\"><span style=\"color: #631a45;\"><strong>NOS SOLUTIONS<\/strong><\/span><\/h2>\n<p>[\/vc_column_text][vc_empty_space height=\u00a0\u00bb50px\u00a0\u00bb][\/vc_column][vc_column width=\u00a0\u00bb1\/4&Prime; css=\u00a0\u00bb.vc_custom_1719979242203{margin-bottom: 30px !important;}\u00a0\u00bb][vc_column_text css=\u00a0\u00bb\u00a0\u00bb]<\/p>\n<p style=\"text-align: center;\"><strong><span style=\"color: #631a45;\">Formation<\/span><\/strong><\/p>\n<p>[\/vc_column_text][vc_empty_space height=\u00a0\u00bb10px\u00a0\u00bb][vc_single_image image=\u00a0\u00bb23065&Prime; alignment=\u00a0\u00bbcenter\u00a0\u00bb style=\u00a0\u00bbvc_box_border\u00a0\u00bb onclick=\u00a0\u00bbcustom_link\u00a0\u00bb css=\u00a0\u00bb\u00a0\u00bb qode_css_animation=\u00a0\u00bb\u00a0\u00bb link=\u00a0\u00bbhttps:\/\/kamae-conseil.com\/fr\/formation\/\u00a0\u00bb el_class=\u00a0\u00bbkc-frame-img\u00a0\u00bb][\/vc_column][vc_column width=\u00a0\u00bb1\/4&Prime; css=\u00a0\u00bb.vc_custom_1719979251734{margin-bottom: 30px !important;}\u00a0\u00bb][vc_column_text css=\u00a0\u00bb\u00a0\u00bb]<\/p>\n<p style=\"text-align: center;\"><span style=\"color: #631a45;\"><strong>Coaching<\/strong><\/span><\/p>\n<p>[\/vc_column_text][vc_empty_space height=\u00a0\u00bb10px\u00a0\u00bb][vc_single_image image=\u00a0\u00bb23066&Prime; alignment=\u00a0\u00bbcenter\u00a0\u00bb style=\u00a0\u00bbvc_box_border\u00a0\u00bb onclick=\u00a0\u00bbcustom_link\u00a0\u00bb css=\u00a0\u00bb\u00a0\u00bb qode_css_animation=\u00a0\u00bb\u00a0\u00bb link=\u00a0\u00bbhttps:\/\/kamae-conseil.com\/fr\/coaching-3\/\u00a0\u00bb el_class=\u00a0\u00bbkc-frame-img\u00a0\u00bb][\/vc_column][vc_column width=\u00a0\u00bb1\/4&Prime; css=\u00a0\u00bb.vc_custom_1719979271729{margin-bottom: 30px !important;}\u00a0\u00bb][vc_column_text css=\u00a0\u00bb\u00a0\u00bb]<\/p>\n<p style=\"text-align: center;\"><span style=\"color: #631a45;\"><strong>Conf\u00e9rences<\/strong><\/span><\/p>\n<p>[\/vc_column_text][vc_empty_space height=\u00a0\u00bb10px\u00a0\u00bb][vc_single_image image=\u00a0\u00bb23068&Prime; alignment=\u00a0\u00bbcenter\u00a0\u00bb style=\u00a0\u00bbvc_box_border\u00a0\u00bb onclick=\u00a0\u00bbcustom_link\u00a0\u00bb css=\u00a0\u00bb\u00a0\u00bb qode_css_animation=\u00a0\u00bb\u00a0\u00bb link=\u00a0\u00bbhttps:\/\/kamae-conseil.com\/fr\/conferences\/\u00a0\u00bb el_class=\u00a0\u00bbkc-frame-img\u00a0\u00bb][\/vc_column][vc_column width=\u00a0\u00bb1\/4&Prime; css=\u00a0\u00bb.vc_custom_1719979356239{margin-bottom: 30px !important;}\u00a0\u00bb][vc_column_text css=\u00a0\u00bb\u00a0\u00bb]<\/p>\n<p style=\"text-align: center;\"><span style=\"color: #631a45;\"><strong>Assistance au recrutement\u00a0<\/strong><\/span><\/p>\n<p>[\/vc_column_text][vc_empty_space height=\u00a0\u00bb10px\u00a0\u00bb][vc_single_image image=\u00a0\u00bb23069&Prime; alignment=\u00a0\u00bbcenter\u00a0\u00bb style=\u00a0\u00bbvc_box_border\u00a0\u00bb onclick=\u00a0\u00bbcustom_link\u00a0\u00bb css=\u00a0\u00bb\u00a0\u00bb qode_css_animation=\u00a0\u00bb\u00a0\u00bb link=\u00a0\u00bbhttps:\/\/kamae-conseil.com\/fr\/assistance-recrutement-evaluation-bilan\/\u00a0\u00bb el_class=\u00a0\u00bbkc-frame-img\u00a0\u00bb][\/vc_column][\/vc_row][vc_row row_type=\u00a0\u00bbrow\u00a0\u00bb type=\u00a0\u00bbfull_width\u00a0\u00bb text_align=\u00a0\u00bbleft\u00a0\u00bb css_animation=\u00a0\u00bb\u00a0\u00bb][vc_column][vc_empty_space height=\u00a0\u00bb50px\u00a0\u00bb][\/vc_column][\/vc_row]<\/p>\n<\/div>","protected":false},"excerpt":{"rendered":"<p>[vc_row row_type=\u00a0\u00bbrow\u00a0\u00bb type=\u00a0\u00bbfull_width\u00a0\u00bb text_align=\u00a0\u00bbleft\u00a0\u00bb css_animation=\u00a0\u00bb\u00a0\u00bb css=\u00a0\u00bb. vc_custom_1632823733143 {margin-top: 70px! important;}\u00a0\u00bb][vc_column css=\u00a0\u00bb. vc_custom_1632823797227 {margin: custom_1632823797227 20px! Important;}\u00a0\u00bb][vc_column_text css=\u00a0\u00bb.vc_custom_1718970171004{margin-top: 80px&#8230;<\/p>\n","protected":false},"author":1,"featured_media":0,"parent":0,"menu_order":0,"comment_status":"closed","ping_status":"closed","template":"","meta":{"om_disable_all_campaigns":false,"footnotes":""},"class_list":["post-22933","page","type-page","status-publish","hentry"],"yoast_head":"<!-- This site is optimized with the Yoast SEO plugin v26.0 - https:\/\/yoast.com\/wordpress\/plugins\/seo\/ -->\n<title>Team building - Kamae Conseil<\/title>\n<meta name=\"robots\" content=\"index, follow, max-snippet:-1, max-image-preview:large, max-video-preview:-1\" \/>\n<link rel=\"canonical\" href=\"https:\/\/kamae-conseil.com\/fr\/team-building\/\" \/>\n<meta property=\"og:locale\" content=\"fr_FR\" \/>\n<meta property=\"og:type\" content=\"article\" \/>\n<meta property=\"og:title\" content=\"Team building - Kamae Conseil\" \/>\n<meta property=\"og:description\" content=\"[vc_row row_type=\u00a0\u00bbrow\u00a0\u00bb type=\u00a0\u00bbfull_width\u00a0\u00bb text_align=\u00a0\u00bbleft\u00a0\u00bb css_animation=\u00a0\u00bb\u00a0\u00bb css=\u00a0\u00bb. vc_custom_1632823733143 {margin-top: 70px! important;}\u00a0\u00bb][vc_column css=\u00a0\u00bb. vc_custom_1632823797227 {margin: custom_1632823797227 20px! Important;}\u00a0\u00bb][vc_column_text css=\u00a0\u00bb.vc_custom_1718970171004{margin-top: 80px...\" \/>\n<meta property=\"og:url\" content=\"https:\/\/kamae-conseil.com\/fr\/team-building\/\" \/>\n<meta property=\"og:site_name\" content=\"Kamae Conseil\" \/>\n<meta property=\"article:modified_time\" content=\"2024-07-03T05:28:57+00:00\" \/>\n<meta name=\"twitter:label1\" content=\"Dur\u00e9e de lecture estim\u00e9e\" \/>\n\t<meta name=\"twitter:data1\" content=\"3 minutes\" \/>\n<script type=\"application\/ld+json\" class=\"yoast-schema-graph\">{\"@context\":\"https:\/\/schema.org\",\"@graph\":[{\"@type\":\"WebPage\",\"@id\":\"https:\/\/kamae-conseil.com\/fr\/team-building\/\",\"url\":\"https:\/\/kamae-conseil.com\/fr\/team-building\/\",\"name\":\"Team building - Kamae Conseil\",\"isPartOf\":{\"@id\":\"https:\/\/kamae-conseil.com\/fr\/#website\"},\"datePublished\":\"2024-06-21T11:44:17+00:00\",\"dateModified\":\"2024-07-03T05:28:57+00:00\",\"breadcrumb\":{\"@id\":\"https:\/\/kamae-conseil.com\/fr\/team-building\/#breadcrumb\"},\"inLanguage\":\"fr-FR\",\"potentialAction\":[{\"@type\":\"ReadAction\",\"target\":[\"https:\/\/kamae-conseil.com\/fr\/team-building\/\"]}]},{\"@type\":\"BreadcrumbList\",\"@id\":\"https:\/\/kamae-conseil.com\/fr\/team-building\/#breadcrumb\",\"itemListElement\":[{\"@type\":\"ListItem\",\"position\":1,\"name\":\"Home\",\"item\":\"https:\/\/kamae-conseil.com\/fr\/\"},{\"@type\":\"ListItem\",\"position\":2,\"name\":\"Team building\"}]},{\"@type\":\"WebSite\",\"@id\":\"https:\/\/kamae-conseil.com\/fr\/#website\",\"url\":\"https:\/\/kamae-conseil.com\/fr\/\",\"name\":\"Kamae Conseil\",\"description\":\"\",\"potentialAction\":[{\"@type\":\"SearchAction\",\"target\":{\"@type\":\"EntryPoint\",\"urlTemplate\":\"https:\/\/kamae-conseil.com\/fr\/?s={search_term_string}\"},\"query-input\":{\"@type\":\"PropertyValueSpecification\",\"valueRequired\":true,\"valueName\":\"search_term_string\"}}],\"inLanguage\":\"fr-FR\"}]}<\/script>\n<!-- \/ Yoast SEO plugin. -->","yoast_head_json":{"title":"Team building - Kamae Conseil","robots":{"index":"index","follow":"follow","max-snippet":"max-snippet:-1","max-image-preview":"max-image-preview:large","max-video-preview":"max-video-preview:-1"},"canonical":"https:\/\/kamae-conseil.com\/fr\/team-building\/","og_locale":"fr_FR","og_type":"article","og_title":"Team building - Kamae Conseil","og_description":"[vc_row row_type=\u00a0\u00bbrow\u00a0\u00bb type=\u00a0\u00bbfull_width\u00a0\u00bb text_align=\u00a0\u00bbleft\u00a0\u00bb css_animation=\u00a0\u00bb\u00a0\u00bb css=\u00a0\u00bb. vc_custom_1632823733143 {margin-top: 70px! important;}\u00a0\u00bb][vc_column css=\u00a0\u00bb. vc_custom_1632823797227 {margin: custom_1632823797227 20px! Important;}\u00a0\u00bb][vc_column_text css=\u00a0\u00bb.vc_custom_1718970171004{margin-top: 80px...","og_url":"https:\/\/kamae-conseil.com\/fr\/team-building\/","og_site_name":"Kamae Conseil","article_modified_time":"2024-07-03T05:28:57+00:00","twitter_misc":{"Dur\u00e9e de lecture estim\u00e9e":"3 minutes"},"schema":{"@context":"https:\/\/schema.org","@graph":[{"@type":"WebPage","@id":"https:\/\/kamae-conseil.com\/fr\/team-building\/","url":"https:\/\/kamae-conseil.com\/fr\/team-building\/","name":"Team building - Kamae Conseil","isPartOf":{"@id":"https:\/\/kamae-conseil.com\/fr\/#website"},"datePublished":"2024-06-21T11:44:17+00:00","dateModified":"2024-07-03T05:28:57+00:00","breadcrumb":{"@id":"https:\/\/kamae-conseil.com\/fr\/team-building\/#breadcrumb"},"inLanguage":"fr-FR","potentialAction":[{"@type":"ReadAction","target":["https:\/\/kamae-conseil.com\/fr\/team-building\/"]}]},{"@type":"BreadcrumbList","@id":"https:\/\/kamae-conseil.com\/fr\/team-building\/#breadcrumb","itemListElement":[{"@type":"ListItem","position":1,"name":"Home","item":"https:\/\/kamae-conseil.com\/fr\/"},{"@type":"ListItem","position":2,"name":"Team building"}]},{"@type":"WebSite","@id":"https:\/\/kamae-conseil.com\/fr\/#website","url":"https:\/\/kamae-conseil.com\/fr\/","name":"Kamae Conseil","description":"","potentialAction":[{"@type":"SearchAction","target":{"@type":"EntryPoint","urlTemplate":"https:\/\/kamae-conseil.com\/fr\/?s={search_term_string}"},"query-input":{"@type":"PropertyValueSpecification","valueRequired":true,"valueName":"search_term_string"}}],"inLanguage":"fr-FR"}]}},"_links":{"self":[{"href":"https:\/\/kamae-conseil.com\/fr\/wp-json\/wp\/v2\/pages\/22933","targetHints":{"allow":["GET"]}}],"collection":[{"href":"https:\/\/kamae-conseil.com\/fr\/wp-json\/wp\/v2\/pages"}],"about":[{"href":"https:\/\/kamae-conseil.com\/fr\/wp-json\/wp\/v2\/types\/page"}],"author":[{"embeddable":true,"href":"https:\/\/kamae-conseil.com\/fr\/wp-json\/wp\/v2\/users\/1"}],"replies":[{"embeddable":true,"href":"https:\/\/kamae-conseil.com\/fr\/wp-json\/wp\/v2\/comments?post=22933"}],"version-history":[{"count":12,"href":"https:\/\/kamae-conseil.com\/fr\/wp-json\/wp\/v2\/pages\/22933\/revisions"}],"predecessor-version":[{"id":23230,"href":"https:\/\/kamae-conseil.com\/fr\/wp-json\/wp\/v2\/pages\/22933\/revisions\/23230"}],"wp:attachment":[{"href":"https:\/\/kamae-conseil.com\/fr\/wp-json\/wp\/v2\/media?parent=22933"}],"curies":[{"name":"wp","href":"https:\/\/api.w.org\/{rel}","templated":true}]}}