{"id":22634,"date":"2021-11-02T18:32:51","date_gmt":"2021-11-02T17:32:51","guid":{"rendered":"https:\/\/kamae-conseil.com\/fr\/?page_id=22634"},"modified":"2024-07-03T07:31:04","modified_gmt":"2024-07-03T05:31:04","slug":"assistance-recrutement-evaluation-bilan","status":"publish","type":"page","link":"https:\/\/kamae-conseil.com\/fr\/assistance-recrutement-evaluation-bilan\/","title":{"rendered":"Assistance au recrutement"},"content":{"rendered":"<div class=\"wpb-content-wrapper\"><p>[vc_row row_type=\u00a0\u00bbrow\u00a0\u00bb type=\u00a0\u00bbfull_width\u00a0\u00bb text_align=\u00a0\u00bbleft\u00a0\u00bb css_animation=\u00a0\u00bb\u00a0\u00bb css=\u00a0\u00bb. vc_custom_1632823733143 {margin-top: 70px! important;}\u00a0\u00bb][vc_column css=\u00a0\u00bb. vc_custom_1632823797227 {margin: custom_1632823797227 20px! Important;}\u00a0\u00bb][vc_column_text css=\u00a0\u00bb.vc_custom_1718900371909{margin-top: 80px !important;margin-bottom: 20px !important;}\u00a0\u00bb]<\/p>\n<h2><span style=\"color: #631a45;\"><strong>NOTRE R\u00d4LE \u00c0 VOS C\u00d4T\u00c9S <\/strong><\/span><\/h2>\n<p>[\/vc_column_text][\/vc_column][\/vc_row][vc_row row_type=\u00a0\u00bbrow\u00a0\u00bb type=\u00a0\u00bbfull_width\u00a0\u00bb text_align=\u00a0\u00bbleft\u00a0\u00bb css_animation=\u00a0\u00bb\u00a0\u00bb css=\u00a0\u00bb.vc_custom_1632827055352{margin-bottom: 100px !important;}\u00a0\u00bb][vc_column][vc_column_text css=\u00a0\u00bb\u00a0\u00bb]<i><span style=\"font-weight: 400;\">\u00abJe suis convaincu que rien de ce que nous faisons n\u2019est plus important que recruter et d\u00e9velopper les\u00a0 personnes.<\/span><\/i><\/p>\n<p><i><span style=\"font-weight: 400;\"> A la fin de la journ\u00e9e, vous pariez sur les gens et non sur les strat\u00e9gies\u00bb\u00a0<\/span><\/i><\/p>\n<p><span style=\"font-weight: 400;\">(Lawrence Bossidy, GE)\u00a0<\/span><\/p>\n<p>&nbsp;<\/p>\n<p><span style=\"font-weight: 400;\">Chef d\u2019entreprise, Responsable RH, Talent Acquisition Manager, vous savez qu\u2019il ne peut y avoir d\u2019entreprise\u00a0 performante sans les bonnes personnes pour la construire.\u00a0<\/span><\/p>\n<p><span style=\"font-weight: 400;\">Trouver celui ou celle qui incarnera votre projet et y apportera sa valeur ajout\u00e9e repr\u00e9sente donc \u00e0 la fois\u00a0 un enjeu crucial et un pari risqu\u00e9.\u00a0<\/span><\/p>\n<p><span style=\"font-weight: 400;\">Parce que le candidat le plus comp\u00e9tent n\u2019est pas forc\u00e9ment celui dont vous avez besoin (il est plus facile\u00a0 de former une personne \u00e0 acqu\u00e9rir de nouvelles comp\u00e9tences plut\u00f4t qu\u2019\u00e0 d\u00e9velopper une bonne\u00a0 attitude), vous recherchez un profil agile, r\u00e9siliant, empathique, bienveillant, proactif, ayant l\u2019esprit\u00a0 d\u2019\u00e9quipe et le sens du leadership, faisant preuve d\u2019autonomie et de sens des responsabilit\u00e9s, respectant le\u00a0 cadre tout en \u00e9tant capable de l\u2019\u00e9largir ou de s\u2019en affranchir si besoin, un diamant brut \u00e0 l\u2019avenir\u00a0 prometteur, une personne qui saura s\u2019int\u00e9grer \u00e0 la culture de votre entreprise qu\u2019elle viendra twister en y\u00a0 apportant les traces de ses exp\u00e9riences pr\u00e9c\u00e9dentes, qui pourra s\u2019\u00e9panouir au sein de l\u2019\u00e9quipe qui va l\u2019accueillir tout en apportant \u00e0 cette \u00e9quipe le \u00ab suppl\u00e9ment \u00bb qui lui fait d\u00e9faut \u2026 Oui, vous recherchez tout cela et probablement plus encore en sachant que ce profil, si toutefois il existe,\u00a0 se trouve au bout d\u2019un temps de recherche infini, temps dont vous ne disposez g\u00e9n\u00e9ralement pas \u2026\u00a0<\/span><\/p>\n<p>&nbsp;<\/p>\n<p><span style=\"font-weight: 400;\">Kamae Conseil n\u2019est pas un cabinet de recrutement (nous n\u2019intervenons en effet qu\u2019en fin de parcours\u00a0 pour enrichir votre r\u00e9flexion et vous aider \u00e0 prendre la d\u00e9cision finale)\u00a0<\/span><\/p>\n<p><span style=\"font-weight: 400;\">Qu\u2019il s\u2019agisse de mobilit\u00e9 interne ou de recrutement externe, notre r\u00f4le \u00e0 vos c\u00f4t\u00e9s est de : <\/span><\/p>\n<p><span style=\"font-weight: 400;\">\u25aa <\/span><span style=\"font-weight: 400;\">Cr\u00e9er des dispositifs centr\u00e9s sur les talents et attitudes \u00e0 explorer (qui peuvent mixer le recours \u00e0 des outils\u00a0 d\u2019\u00e9valuation comportementale, entretiens cibl\u00e9s, business cases, jeux de r\u00f4les \u2026)\u00a0<\/span><\/p>\n<p><span style=\"font-weight: 400;\">\u25aa <\/span><span style=\"font-weight: 400;\">\u00c9valuer le ou les candidat(e)s que vous aurez pr\u00e9s\u00e9lectionn\u00e9(e)s\u00a0<\/span><\/p>\n<p><span style=\"font-weight: 400;\">\u25aa <\/span><span style=\"font-weight: 400;\">\u00c9changer avec vous sur nos observations pour vous permettre d\u2019affiner votre choix<\/span>[\/vc_column_text][\/vc_column][\/vc_row][vc_row row_type=\u00a0\u00bbrow\u00a0\u00bb type=\u00a0\u00bbgrid\u00a0\u00bb text_align=\u00a0\u00bbleft\u00a0\u00bb padding_top=\u00a0\u00bb50&Prime; padding_bottom=\u00a0\u00bb50&Prime; css_animation=\u00a0\u00bb\u00a0\u00bb css=\u00a0\u00bb.vc_custom_1719984663062{border-top-width: 3px !important;border-right-width: 3px !important;border-bottom-width: 3px !important;border-left-width: 3px !important;border-left-style: solid !important;border-right-style: solid !important;border-top-style: solid !important;border-bottom-style: solid !important;border-color: #631a45 !important;}\u00a0\u00bb][vc_column][vc_column_text css=\u00a0\u00bb\u00a0\u00bb]<\/p>\n<h2 style=\"text-align: center;\"><span style=\"color: #631a45;\"><strong>NOS SOLUTIONS<\/strong><\/span><\/h2>\n<p>[\/vc_column_text][vc_empty_space height=\u00a0\u00bb50px\u00a0\u00bb][\/vc_column][vc_column width=\u00a0\u00bb1\/4&Prime; css=\u00a0\u00bb.vc_custom_1719979242203{margin-bottom: 30px !important;}\u00a0\u00bb][vc_column_text css=\u00a0\u00bb\u00a0\u00bb]<\/p>\n<p style=\"text-align: center;\"><strong><span style=\"color: #631a45;\">Formation<\/span><\/strong><\/p>\n<p>[\/vc_column_text][vc_empty_space height=\u00a0\u00bb10px\u00a0\u00bb][vc_single_image image=\u00a0\u00bb23065&Prime; alignment=\u00a0\u00bbcenter\u00a0\u00bb style=\u00a0\u00bbvc_box_border\u00a0\u00bb onclick=\u00a0\u00bbcustom_link\u00a0\u00bb css=\u00a0\u00bb\u00a0\u00bb qode_css_animation=\u00a0\u00bb\u00a0\u00bb link=\u00a0\u00bbhttps:\/\/kamae-conseil.com\/fr\/formation\/\u00a0\u00bb el_class=\u00a0\u00bbkc-frame-img\u00a0\u00bb][\/vc_column][vc_column width=\u00a0\u00bb1\/4&Prime; css=\u00a0\u00bb.vc_custom_1719979251734{margin-bottom: 30px !important;}\u00a0\u00bb][vc_column_text css=\u00a0\u00bb\u00a0\u00bb]<\/p>\n<p style=\"text-align: center;\"><span style=\"color: #631a45;\"><strong>Coaching<\/strong><\/span><\/p>\n<p>[\/vc_column_text][vc_empty_space height=\u00a0\u00bb10px\u00a0\u00bb][vc_single_image image=\u00a0\u00bb23066&Prime; alignment=\u00a0\u00bbcenter\u00a0\u00bb style=\u00a0\u00bbvc_box_border\u00a0\u00bb onclick=\u00a0\u00bbcustom_link\u00a0\u00bb css=\u00a0\u00bb\u00a0\u00bb qode_css_animation=\u00a0\u00bb\u00a0\u00bb link=\u00a0\u00bbhttps:\/\/kamae-conseil.com\/fr\/coaching-3\/\u00a0\u00bb el_class=\u00a0\u00bbkc-frame-img\u00a0\u00bb][\/vc_column][vc_column width=\u00a0\u00bb1\/4&Prime; css=\u00a0\u00bb.vc_custom_1719979262254{margin-bottom: 30px !important;}\u00a0\u00bb][vc_column_text css=\u00a0\u00bb\u00a0\u00bb]<\/p>\n<p style=\"text-align: center;\"><span style=\"color: #631a45;\"><strong>Team building<\/strong><\/span><\/p>\n<p>[\/vc_column_text][vc_empty_space height=\u00a0\u00bb10px\u00a0\u00bb][vc_single_image image=\u00a0\u00bb23067&Prime; alignment=\u00a0\u00bbcenter\u00a0\u00bb style=\u00a0\u00bbvc_box_border\u00a0\u00bb onclick=\u00a0\u00bbcustom_link\u00a0\u00bb css=\u00a0\u00bb\u00a0\u00bb qode_css_animation=\u00a0\u00bb\u00a0\u00bb link=\u00a0\u00bbhttps:\/\/kamae-conseil.com\/fr\/team-building\/\u00a0\u00bb el_class=\u00a0\u00bbkc-frame-img\u00a0\u00bb][\/vc_column][vc_column width=\u00a0\u00bb1\/4&Prime; css=\u00a0\u00bb.vc_custom_1719979271729{margin-bottom: 30px !important;}\u00a0\u00bb][vc_column_text css=\u00a0\u00bb\u00a0\u00bb]<\/p>\n<p style=\"text-align: center;\"><span style=\"color: #631a45;\"><strong>Conf\u00e9rences<\/strong><\/span><\/p>\n<p>[\/vc_column_text][vc_empty_space height=\u00a0\u00bb10px\u00a0\u00bb][vc_single_image image=\u00a0\u00bb23068&Prime; alignment=\u00a0\u00bbcenter\u00a0\u00bb style=\u00a0\u00bbvc_box_border\u00a0\u00bb onclick=\u00a0\u00bbcustom_link\u00a0\u00bb css=\u00a0\u00bb\u00a0\u00bb qode_css_animation=\u00a0\u00bb\u00a0\u00bb link=\u00a0\u00bbhttps:\/\/kamae-conseil.com\/fr\/conferences\/\u00a0\u00bb el_class=\u00a0\u00bbkc-frame-img\u00a0\u00bb][\/vc_column][\/vc_row][vc_row row_type=\u00a0\u00bbrow\u00a0\u00bb type=\u00a0\u00bbfull_width\u00a0\u00bb text_align=\u00a0\u00bbleft\u00a0\u00bb css_animation=\u00a0\u00bb\u00a0\u00bb][vc_column][vc_empty_space height=\u00a0\u00bb50px\u00a0\u00bb][\/vc_column][\/vc_row]<\/p>\n<\/div>","protected":false},"excerpt":{"rendered":"<p>[vc_row row_type=\u00a0\u00bbrow\u00a0\u00bb type=\u00a0\u00bbfull_width\u00a0\u00bb text_align=\u00a0\u00bbleft\u00a0\u00bb css_animation=\u00a0\u00bb\u00a0\u00bb css=\u00a0\u00bb. vc_custom_1632823733143 {margin-top: 70px! important;}\u00a0\u00bb][vc_column css=\u00a0\u00bb. vc_custom_1632823797227 {margin: custom_1632823797227 20px! Important;}\u00a0\u00bb][vc_column_text css=\u00a0\u00bb.vc_custom_1718900371909{margin-top: 80px&#8230;<\/p>\n","protected":false},"author":1,"featured_media":0,"parent":0,"menu_order":0,"comment_status":"closed","ping_status":"closed","template":"","meta":{"om_disable_all_campaigns":false,"footnotes":""},"class_list":["post-22634","page","type-page","status-publish","hentry"],"yoast_head":"<!-- This site is optimized with the Yoast SEO plugin v26.0 - https:\/\/yoast.com\/wordpress\/plugins\/seo\/ -->\n<title>Assistance au recrutement - Kamae Conseil<\/title>\n<meta name=\"robots\" content=\"index, follow, max-snippet:-1, max-image-preview:large, max-video-preview:-1\" \/>\n<link rel=\"canonical\" href=\"https:\/\/kamae-conseil.com\/fr\/assistance-recrutement-evaluation-bilan\/\" \/>\n<meta property=\"og:locale\" content=\"fr_FR\" \/>\n<meta property=\"og:type\" content=\"article\" \/>\n<meta property=\"og:title\" content=\"Assistance au recrutement - Kamae Conseil\" \/>\n<meta property=\"og:description\" content=\"[vc_row row_type=\u00a0\u00bbrow\u00a0\u00bb type=\u00a0\u00bbfull_width\u00a0\u00bb text_align=\u00a0\u00bbleft\u00a0\u00bb css_animation=\u00a0\u00bb\u00a0\u00bb css=\u00a0\u00bb. vc_custom_1632823733143 {margin-top: 70px! important;}\u00a0\u00bb][vc_column css=\u00a0\u00bb. vc_custom_1632823797227 {margin: custom_1632823797227 20px! Important;}\u00a0\u00bb][vc_column_text css=\u00a0\u00bb.vc_custom_1718900371909{margin-top: 80px...\" \/>\n<meta property=\"og:url\" content=\"https:\/\/kamae-conseil.com\/fr\/assistance-recrutement-evaluation-bilan\/\" \/>\n<meta property=\"og:site_name\" content=\"Kamae Conseil\" \/>\n<meta property=\"article:modified_time\" content=\"2024-07-03T05:31:04+00:00\" \/>\n<meta name=\"twitter:label1\" content=\"Dur\u00e9e de lecture estim\u00e9e\" \/>\n\t<meta name=\"twitter:data1\" content=\"4 minutes\" \/>\n<script type=\"application\/ld+json\" class=\"yoast-schema-graph\">{\"@context\":\"https:\/\/schema.org\",\"@graph\":[{\"@type\":\"WebPage\",\"@id\":\"https:\/\/kamae-conseil.com\/fr\/assistance-recrutement-evaluation-bilan\/\",\"url\":\"https:\/\/kamae-conseil.com\/fr\/assistance-recrutement-evaluation-bilan\/\",\"name\":\"Assistance au recrutement - Kamae Conseil\",\"isPartOf\":{\"@id\":\"https:\/\/kamae-conseil.com\/fr\/#website\"},\"datePublished\":\"2021-11-02T17:32:51+00:00\",\"dateModified\":\"2024-07-03T05:31:04+00:00\",\"breadcrumb\":{\"@id\":\"https:\/\/kamae-conseil.com\/fr\/assistance-recrutement-evaluation-bilan\/#breadcrumb\"},\"inLanguage\":\"fr-FR\",\"potentialAction\":[{\"@type\":\"ReadAction\",\"target\":[\"https:\/\/kamae-conseil.com\/fr\/assistance-recrutement-evaluation-bilan\/\"]}]},{\"@type\":\"BreadcrumbList\",\"@id\":\"https:\/\/kamae-conseil.com\/fr\/assistance-recrutement-evaluation-bilan\/#breadcrumb\",\"itemListElement\":[{\"@type\":\"ListItem\",\"position\":1,\"name\":\"Home\",\"item\":\"https:\/\/kamae-conseil.com\/fr\/\"},{\"@type\":\"ListItem\",\"position\":2,\"name\":\"Assistance au recrutement\"}]},{\"@type\":\"WebSite\",\"@id\":\"https:\/\/kamae-conseil.com\/fr\/#website\",\"url\":\"https:\/\/kamae-conseil.com\/fr\/\",\"name\":\"Kamae Conseil\",\"description\":\"\",\"potentialAction\":[{\"@type\":\"SearchAction\",\"target\":{\"@type\":\"EntryPoint\",\"urlTemplate\":\"https:\/\/kamae-conseil.com\/fr\/?s={search_term_string}\"},\"query-input\":{\"@type\":\"PropertyValueSpecification\",\"valueRequired\":true,\"valueName\":\"search_term_string\"}}],\"inLanguage\":\"fr-FR\"}]}<\/script>\n<!-- \/ Yoast SEO plugin. -->","yoast_head_json":{"title":"Assistance au recrutement - Kamae Conseil","robots":{"index":"index","follow":"follow","max-snippet":"max-snippet:-1","max-image-preview":"max-image-preview:large","max-video-preview":"max-video-preview:-1"},"canonical":"https:\/\/kamae-conseil.com\/fr\/assistance-recrutement-evaluation-bilan\/","og_locale":"fr_FR","og_type":"article","og_title":"Assistance au recrutement - Kamae Conseil","og_description":"[vc_row row_type=\u00a0\u00bbrow\u00a0\u00bb type=\u00a0\u00bbfull_width\u00a0\u00bb text_align=\u00a0\u00bbleft\u00a0\u00bb css_animation=\u00a0\u00bb\u00a0\u00bb css=\u00a0\u00bb. vc_custom_1632823733143 {margin-top: 70px! important;}\u00a0\u00bb][vc_column css=\u00a0\u00bb. vc_custom_1632823797227 {margin: custom_1632823797227 20px! Important;}\u00a0\u00bb][vc_column_text css=\u00a0\u00bb.vc_custom_1718900371909{margin-top: 80px...","og_url":"https:\/\/kamae-conseil.com\/fr\/assistance-recrutement-evaluation-bilan\/","og_site_name":"Kamae Conseil","article_modified_time":"2024-07-03T05:31:04+00:00","twitter_misc":{"Dur\u00e9e de lecture estim\u00e9e":"4 minutes"},"schema":{"@context":"https:\/\/schema.org","@graph":[{"@type":"WebPage","@id":"https:\/\/kamae-conseil.com\/fr\/assistance-recrutement-evaluation-bilan\/","url":"https:\/\/kamae-conseil.com\/fr\/assistance-recrutement-evaluation-bilan\/","name":"Assistance au recrutement - Kamae Conseil","isPartOf":{"@id":"https:\/\/kamae-conseil.com\/fr\/#website"},"datePublished":"2021-11-02T17:32:51+00:00","dateModified":"2024-07-03T05:31:04+00:00","breadcrumb":{"@id":"https:\/\/kamae-conseil.com\/fr\/assistance-recrutement-evaluation-bilan\/#breadcrumb"},"inLanguage":"fr-FR","potentialAction":[{"@type":"ReadAction","target":["https:\/\/kamae-conseil.com\/fr\/assistance-recrutement-evaluation-bilan\/"]}]},{"@type":"BreadcrumbList","@id":"https:\/\/kamae-conseil.com\/fr\/assistance-recrutement-evaluation-bilan\/#breadcrumb","itemListElement":[{"@type":"ListItem","position":1,"name":"Home","item":"https:\/\/kamae-conseil.com\/fr\/"},{"@type":"ListItem","position":2,"name":"Assistance au recrutement"}]},{"@type":"WebSite","@id":"https:\/\/kamae-conseil.com\/fr\/#website","url":"https:\/\/kamae-conseil.com\/fr\/","name":"Kamae Conseil","description":"","potentialAction":[{"@type":"SearchAction","target":{"@type":"EntryPoint","urlTemplate":"https:\/\/kamae-conseil.com\/fr\/?s={search_term_string}"},"query-input":{"@type":"PropertyValueSpecification","valueRequired":true,"valueName":"search_term_string"}}],"inLanguage":"fr-FR"}]}},"_links":{"self":[{"href":"https:\/\/kamae-conseil.com\/fr\/wp-json\/wp\/v2\/pages\/22634","targetHints":{"allow":["GET"]}}],"collection":[{"href":"https:\/\/kamae-conseil.com\/fr\/wp-json\/wp\/v2\/pages"}],"about":[{"href":"https:\/\/kamae-conseil.com\/fr\/wp-json\/wp\/v2\/types\/page"}],"author":[{"embeddable":true,"href":"https:\/\/kamae-conseil.com\/fr\/wp-json\/wp\/v2\/users\/1"}],"replies":[{"embeddable":true,"href":"https:\/\/kamae-conseil.com\/fr\/wp-json\/wp\/v2\/comments?post=22634"}],"version-history":[{"count":11,"href":"https:\/\/kamae-conseil.com\/fr\/wp-json\/wp\/v2\/pages\/22634\/revisions"}],"predecessor-version":[{"id":23233,"href":"https:\/\/kamae-conseil.com\/fr\/wp-json\/wp\/v2\/pages\/22634\/revisions\/23233"}],"wp:attachment":[{"href":"https:\/\/kamae-conseil.com\/fr\/wp-json\/wp\/v2\/media?parent=22634"}],"curies":[{"name":"wp","href":"https:\/\/api.w.org\/{rel}","templated":true}]}}