{"id":22630,"date":"2021-11-02T18:29:07","date_gmt":"2021-11-02T17:29:07","guid":{"rendered":"https:\/\/kamae-conseil.com\/fr\/?page_id=22630"},"modified":"2026-02-27T10:30:34","modified_gmt":"2026-02-27T09:30:34","slug":"conferences","status":"publish","type":"page","link":"https:\/\/kamae-conseil.com\/fr\/conferences\/","title":{"rendered":"Conf\u00e9rences"},"content":{"rendered":"<div class=\"wpb-content-wrapper\"><p>[vc_row row_type=\u00a0\u00bbrow\u00a0\u00bb type=\u00a0\u00bbfull_width\u00a0\u00bb text_align=\u00a0\u00bbleft\u00a0\u00bb css_animation=\u00a0\u00bb\u00a0\u00bb css=\u00a0\u00bb. vc_custom_1632823733143 {margin-top: 70px! important;}\u00a0\u00bb][vc_column css=\u00a0\u00bb. vc_custom_1632823797227 {margin: custom_1632823797227 20px! Important;}\u00a0\u00bb][vc_column_text css=\u00a0\u00bb.vc_custom_1718899971965{margin-top: 80px !important;margin-bottom: 20px !important;}\u00a0\u00bb]<\/p>\n<h2><span style=\"color: #631a45;\"><strong>UN COLLECTIF \u00c0 VOTRE SERVICE\u00a0<\/strong><\/span><\/h2>\n<p>[\/vc_column_text][vc_empty_space][\/vc_column][\/vc_row][vc_row row_type=\u00a0\u00bbrow\u00a0\u00bb type=\u00a0\u00bbfull_width\u00a0\u00bb text_align=\u00a0\u00bbleft\u00a0\u00bb css_animation=\u00a0\u00bb\u00a0\u00bb css=\u00a0\u00bb.vc_custom_1632827055352{margin-bottom: 100px !important;}\u00a0\u00bb][vc_column][vc_column_text css=\u00a0\u00bb\u00a0\u00bb]<span style=\"font-weight: 400;\">En partenariat avec L\u2019Ecurie des Conf\u00e9renciers by TTI, Kamae Conseil vous propose de nourrir le\u00a0 d\u00e9veloppement de vos \u00e9quipes \u00e0 travers des conf\u00e9rences et tables rondes anim\u00e9es en pr\u00e9sentiel,\u00a0 distanciel ou phygital.\u00a0<\/span><\/p>\n<p>&nbsp;<\/p>\n<p><span style=\"font-weight: 400;\">D\u00e9di\u00e9s au d\u00e9veloppement de la Richesse Humaine de vos organisations, unis par une d\u00e9marche\u00a0 authentique et incarn\u00e9e, les conf\u00e9renci\u00e8res et conf\u00e9renciers de \u00ab l\u2019Ecurie by TTI \u00bb construisent leurs\u00a0 interventions avec un triple objectif : vous inspirer, vous faire r\u00e9fl\u00e9chir, vous faire passer \u00e0 l\u2019action.\u00a0<\/span><\/p>\n<p>&nbsp;<\/p>\n<p><span style=\"font-weight: 400;\">Extrait des th\u00e9matiques propos\u00e9es :\u00a0<\/span><\/p>\n<p>&nbsp;<\/p>\n<p><span style=\"font-weight: 400;\">\u25aa <\/span><span style=\"font-weight: 400;\">Isabelle Carbon : \u00ab Twister vos codes du recrutement \u00bb\u00a0<\/span><\/p>\n<p><span style=\"font-weight: 400;\">Int\u00e9grer les notions d\u2019attitude, valeurs et motivations comme cl\u00e9s de succ\u00e8s de vos recrutements<\/span><\/p>\n<p>&nbsp;<\/p>\n<p><span style=\"font-weight: 400;\">\u25aa <\/span><span style=\"font-weight: 400;\">Nicolas Gorski : \u00ab Comment \u00eatre authentique sans en avoir peur ? \u00bb\u00a0<\/span><\/p>\n<p><span style=\"font-weight: 400;\">Accepter sa peur pour s\u2019accepter soi-m\u00eame et gagner en performance\u00a0<\/span><\/p>\n<p>&nbsp;<\/p>\n<p><span style=\"font-weight: 400;\">\u25aa <\/span><span style=\"font-weight: 400;\">Ludovic Kosloff-Treister : \u00ab Rapport \u00e0 soi, rapport \u00e0 l\u2019autre : affirmer sa posture sans imposture \u00bb <\/span><\/p>\n<p><span style=\"font-weight: 400;\">R\u00e9viser notre \u00ab logiciel relationnel \u00bb et en activer d\u2019autres fonctionnalit\u00e9s pour gagner en simplicit\u00e9\u00a0 et en efficacit\u00e9\u00a0<\/span><\/p>\n<p>&nbsp;<\/p>\n<p style=\"font-weight: 400;\"><a href=\"https:\/\/kamae-conseil.com\/wp-content\/uploads\/PITCH-LUDOVIC-VF-avec-ST-FR.mp4\"><strong>Voir le pitch video de la conf\u00e9rence<\/strong><\/a><\/p>\n<p>&nbsp;<\/p>\n<p><span style=\"font-weight: 400;\">\u25aa <\/span><span style=\"font-weight: 400;\">Myriam Ladeuze : \u00ab Votre corps, alli\u00e9 de votre performance \u00bb\u00a0<\/span><\/p>\n<p><span style=\"font-weight: 400;\">Mettre l\u2019intelligence corporelle au service de la performance professionnelle\u00a0<\/span><\/p>\n<p>&nbsp;<\/p>\n<p><span style=\"font-weight: 400;\">\u25aa <\/span><span style=\"font-weight: 400;\">V\u00e9ronique Leroy : \u00ab S\u2019\u00e9couter pour s\u2019entendre, comment mieux collaborer \u00bb\u00a0<\/span><\/p>\n<p><span style=\"font-weight: 400;\">Redonner \u00e0 la communication sa raison d\u2019\u00eatre pour am\u00e9liorer la coh\u00e9sion et la performance\u00a0 d\u2019une \u00e9quipe\u00a0<\/span><\/p>\n<p>&nbsp;<\/p>\n<p><span style=\"font-weight: 400;\">\u25aa <\/span><span style=\"font-weight: 400;\">Patrick Mongillon : \u00ab Mobilisez vos \u00e9quipes sur une strat\u00e9gie partag\u00e9e \u00bb\u00a0<\/span><\/p>\n<p><span style=\"font-weight: 400;\">D\u00e9finir et partager une strat\u00e9gie claire pour aligner les \u00e9nergies et les ressources\u00a0<\/span><\/p>\n<p>&nbsp;<\/p>\n<p><span style=\"font-weight: 400;\">\u25aa <\/span><span style=\"font-weight: 400;\">Jade Plantin : \u00ab Lib\u00e9rer les \u00e9motions pour r\u00e9ussir le changement \u00bb\u00a0<\/span><\/p>\n<p><span style=\"font-weight: 400;\">Lib\u00e9rer nos \u00e9motions pour mieux rebondir et vivre les changements\u00a0<\/span><\/p>\n<p>&nbsp;<\/p>\n<p><span style=\"font-weight: 400;\">\u25aa <\/span><span style=\"font-weight: 400;\">Pierre Sagnes : \u00ab Int\u00e9grer et fid\u00e9liser les talents \u00bb\u00a0<\/span><\/p>\n<p><span style=\"font-weight: 400;\">Retrouver le plaisir de manager en proposant un contrat relationnel et fonctionnel qui fait sens<\/span><\/p>\n<p>&nbsp;<\/p>\n<p><span style=\"font-weight: 400;\">\u25aa <\/span><span style=\"font-weight: 400;\">Frank Schneider : \u00ab Comment renforcer son leadership dans un monde incertain \u00bb <\/span><\/p>\n<p><span style=\"font-weight: 400;\">S\u2019inspirer du processus de d\u00e9cision d\u2019un arbitre international pour int\u00e9grer l\u2019incertitude et\u00a0 renforcer son leadership\u00a0<\/span><\/p>\n<p>&nbsp;<\/p>\n<p><span style=\"font-weight: 400;\">\u25aa <\/span><span style=\"font-weight: 400;\">Jacques Seteau : \u00ab Comment d\u00e9motiver sans le vouloir \u00bb\u00a0<\/span><\/p>\n<p><span style=\"font-weight: 400;\">Mettre en lumi\u00e8re nos \u00e9motions utiles pour g\u00e9n\u00e9rer un champ de confiance et r\u00e9pondre \u00e0 nos\u00a0 enjeux\u00a0<\/span><\/p>\n<p>&nbsp;<\/p>\n<p><span style=\"font-weight: 400;\">Pour en savoir plus sur les conf\u00e9rences propos\u00e9es par l\u2019Ecurie by TTI : contact@ecurie conferenciers.fr\u00a0<\/span>[\/vc_column_text][\/vc_column][\/vc_row][vc_row row_type=\u00a0\u00bbrow\u00a0\u00bb type=\u00a0\u00bbgrid\u00a0\u00bb text_align=\u00a0\u00bbleft\u00a0\u00bb padding_top=\u00a0\u00bb50&Prime; padding_bottom=\u00a0\u00bb50&Prime; css_animation=\u00a0\u00bb\u00a0\u00bb css=\u00a0\u00bb.vc_custom_1719984590508{border-top-width: 3px !important;border-right-width: 3px !important;border-bottom-width: 3px !important;border-left-width: 3px !important;border-left-style: solid !important;border-right-style: solid !important;border-top-style: solid !important;border-bottom-style: solid !important;border-color: #631a45 !important;}\u00a0\u00bb][vc_column][vc_column_text css=\u00a0\u00bb\u00a0\u00bb]<\/p>\n<h2 style=\"text-align: center;\"><span style=\"color: #631a45;\"><strong>NOS SOLUTIONS<\/strong><\/span><\/h2>\n<p>[\/vc_column_text][vc_empty_space height=\u00a0\u00bb50px\u00a0\u00bb][\/vc_column][vc_column width=\u00a0\u00bb1\/4&Prime; css=\u00a0\u00bb.vc_custom_1719979242203{margin-bottom: 30px !important;}\u00a0\u00bb][vc_column_text css=\u00a0\u00bb\u00a0\u00bb]<\/p>\n<p style=\"text-align: center;\"><strong><span style=\"color: #631a45;\">Formation<\/span><\/strong><\/p>\n<p>[\/vc_column_text][vc_empty_space height=\u00a0\u00bb10px\u00a0\u00bb][vc_single_image image=\u00a0\u00bb23065&Prime; alignment=\u00a0\u00bbcenter\u00a0\u00bb style=\u00a0\u00bbvc_box_border\u00a0\u00bb onclick=\u00a0\u00bbcustom_link\u00a0\u00bb css=\u00a0\u00bb\u00a0\u00bb qode_css_animation=\u00a0\u00bb\u00a0\u00bb link=\u00a0\u00bbhttps:\/\/kamae-conseil.com\/fr\/formation\/\u00a0\u00bb el_class=\u00a0\u00bbkc-frame-img\u00a0\u00bb][\/vc_column][vc_column width=\u00a0\u00bb1\/4&Prime; css=\u00a0\u00bb.vc_custom_1719979251734{margin-bottom: 30px !important;}\u00a0\u00bb][vc_column_text css=\u00a0\u00bb\u00a0\u00bb]<\/p>\n<p style=\"text-align: center;\"><span style=\"color: #631a45;\"><strong>Coaching<\/strong><\/span><\/p>\n<p>[\/vc_column_text][vc_empty_space height=\u00a0\u00bb10px\u00a0\u00bb][vc_single_image image=\u00a0\u00bb23066&Prime; alignment=\u00a0\u00bbcenter\u00a0\u00bb style=\u00a0\u00bbvc_box_border\u00a0\u00bb onclick=\u00a0\u00bbcustom_link\u00a0\u00bb css=\u00a0\u00bb\u00a0\u00bb qode_css_animation=\u00a0\u00bb\u00a0\u00bb link=\u00a0\u00bbhttps:\/\/kamae-conseil.com\/fr\/coaching-3\/\u00a0\u00bb el_class=\u00a0\u00bbkc-frame-img\u00a0\u00bb][\/vc_column][vc_column width=\u00a0\u00bb1\/4&Prime; css=\u00a0\u00bb.vc_custom_1719979262254{margin-bottom: 30px !important;}\u00a0\u00bb][vc_column_text css=\u00a0\u00bb\u00a0\u00bb]<\/p>\n<p style=\"text-align: center;\"><span style=\"color: #631a45;\"><strong>Team building<\/strong><\/span><\/p>\n<p>[\/vc_column_text][vc_empty_space height=\u00a0\u00bb10px\u00a0\u00bb][vc_single_image image=\u00a0\u00bb23067&Prime; alignment=\u00a0\u00bbcenter\u00a0\u00bb style=\u00a0\u00bbvc_box_border\u00a0\u00bb onclick=\u00a0\u00bbcustom_link\u00a0\u00bb css=\u00a0\u00bb\u00a0\u00bb qode_css_animation=\u00a0\u00bb\u00a0\u00bb link=\u00a0\u00bbhttps:\/\/kamae-conseil.com\/fr\/team-building\/\u00a0\u00bb el_class=\u00a0\u00bbkc-frame-img\u00a0\u00bb][\/vc_column][vc_column width=\u00a0\u00bb1\/4&Prime; css=\u00a0\u00bb.vc_custom_1719979356239{margin-bottom: 30px !important;}\u00a0\u00bb][vc_column_text css=\u00a0\u00bb\u00a0\u00bb]<\/p>\n<p style=\"text-align: center;\"><span style=\"color: #631a45;\"><strong>Assistance au recrutement\u00a0<\/strong><\/span><\/p>\n<p>[\/vc_column_text][vc_empty_space height=\u00a0\u00bb10px\u00a0\u00bb][vc_single_image image=\u00a0\u00bb23069&Prime; alignment=\u00a0\u00bbcenter\u00a0\u00bb style=\u00a0\u00bbvc_box_border\u00a0\u00bb onclick=\u00a0\u00bbcustom_link\u00a0\u00bb css=\u00a0\u00bb\u00a0\u00bb qode_css_animation=\u00a0\u00bb\u00a0\u00bb link=\u00a0\u00bbhttps:\/\/kamae-conseil.com\/fr\/assistance-recrutement-evaluation-bilan\/\u00a0\u00bb el_class=\u00a0\u00bbkc-frame-img\u00a0\u00bb][\/vc_column][\/vc_row][vc_row row_type=\u00a0\u00bbrow\u00a0\u00bb type=\u00a0\u00bbfull_width\u00a0\u00bb text_align=\u00a0\u00bbleft\u00a0\u00bb css_animation=\u00a0\u00bb\u00a0\u00bb][vc_column][vc_empty_space height=\u00a0\u00bb50px\u00a0\u00bb][\/vc_column][\/vc_row]<\/p>\n<\/div>","protected":false},"excerpt":{"rendered":"<p>[vc_row row_type=\u00a0\u00bbrow\u00a0\u00bb type=\u00a0\u00bbfull_width\u00a0\u00bb text_align=\u00a0\u00bbleft\u00a0\u00bb css_animation=\u00a0\u00bb\u00a0\u00bb css=\u00a0\u00bb. vc_custom_1632823733143 {margin-top: 70px! important;}\u00a0\u00bb][vc_column css=\u00a0\u00bb. vc_custom_1632823797227 {margin: custom_1632823797227 20px! Important;}\u00a0\u00bb][vc_column_text css=\u00a0\u00bb.vc_custom_1718899971965{margin-top: 80px&#8230;<\/p>\n","protected":false},"author":1,"featured_media":0,"parent":0,"menu_order":0,"comment_status":"closed","ping_status":"closed","template":"","meta":{"om_disable_all_campaigns":false,"footnotes":""},"class_list":["post-22630","page","type-page","status-publish","hentry"],"yoast_head":"<!-- This site is optimized with the Yoast SEO plugin v26.0 - https:\/\/yoast.com\/wordpress\/plugins\/seo\/ -->\n<title>Conf\u00e9rences - Kamae Conseil<\/title>\n<meta name=\"robots\" content=\"index, follow, max-snippet:-1, max-image-preview:large, max-video-preview:-1\" \/>\n<link rel=\"canonical\" href=\"https:\/\/kamae-conseil.com\/fr\/conferences\/\" \/>\n<meta property=\"og:locale\" content=\"fr_FR\" \/>\n<meta property=\"og:type\" content=\"article\" \/>\n<meta property=\"og:title\" content=\"Conf\u00e9rences - Kamae Conseil\" \/>\n<meta property=\"og:description\" content=\"[vc_row row_type=\u00a0\u00bbrow\u00a0\u00bb type=\u00a0\u00bbfull_width\u00a0\u00bb text_align=\u00a0\u00bbleft\u00a0\u00bb css_animation=\u00a0\u00bb\u00a0\u00bb css=\u00a0\u00bb. vc_custom_1632823733143 {margin-top: 70px! important;}\u00a0\u00bb][vc_column css=\u00a0\u00bb. vc_custom_1632823797227 {margin: custom_1632823797227 20px! Important;}\u00a0\u00bb][vc_column_text css=\u00a0\u00bb.vc_custom_1718899971965{margin-top: 80px...\" \/>\n<meta property=\"og:url\" content=\"https:\/\/kamae-conseil.com\/fr\/conferences\/\" \/>\n<meta property=\"og:site_name\" content=\"Kamae Conseil\" \/>\n<meta property=\"article:modified_time\" content=\"2026-02-27T09:30:34+00:00\" \/>\n<meta name=\"twitter:label1\" content=\"Dur\u00e9e de lecture estim\u00e9e\" \/>\n\t<meta name=\"twitter:data1\" content=\"3 minutes\" \/>\n<script type=\"application\/ld+json\" class=\"yoast-schema-graph\">{\"@context\":\"https:\/\/schema.org\",\"@graph\":[{\"@type\":\"WebPage\",\"@id\":\"https:\/\/kamae-conseil.com\/fr\/conferences\/\",\"url\":\"https:\/\/kamae-conseil.com\/fr\/conferences\/\",\"name\":\"Conf\u00e9rences - Kamae Conseil\",\"isPartOf\":{\"@id\":\"https:\/\/kamae-conseil.com\/fr\/#website\"},\"datePublished\":\"2021-11-02T17:29:07+00:00\",\"dateModified\":\"2026-02-27T09:30:34+00:00\",\"breadcrumb\":{\"@id\":\"https:\/\/kamae-conseil.com\/fr\/conferences\/#breadcrumb\"},\"inLanguage\":\"fr-FR\",\"potentialAction\":[{\"@type\":\"ReadAction\",\"target\":[\"https:\/\/kamae-conseil.com\/fr\/conferences\/\"]}]},{\"@type\":\"BreadcrumbList\",\"@id\":\"https:\/\/kamae-conseil.com\/fr\/conferences\/#breadcrumb\",\"itemListElement\":[{\"@type\":\"ListItem\",\"position\":1,\"name\":\"Home\",\"item\":\"https:\/\/kamae-conseil.com\/fr\/\"},{\"@type\":\"ListItem\",\"position\":2,\"name\":\"Conf\u00e9rences\"}]},{\"@type\":\"WebSite\",\"@id\":\"https:\/\/kamae-conseil.com\/fr\/#website\",\"url\":\"https:\/\/kamae-conseil.com\/fr\/\",\"name\":\"Kamae Conseil\",\"description\":\"\",\"potentialAction\":[{\"@type\":\"SearchAction\",\"target\":{\"@type\":\"EntryPoint\",\"urlTemplate\":\"https:\/\/kamae-conseil.com\/fr\/?s={search_term_string}\"},\"query-input\":{\"@type\":\"PropertyValueSpecification\",\"valueRequired\":true,\"valueName\":\"search_term_string\"}}],\"inLanguage\":\"fr-FR\"}]}<\/script>\n<!-- \/ Yoast SEO plugin. -->","yoast_head_json":{"title":"Conf\u00e9rences - Kamae Conseil","robots":{"index":"index","follow":"follow","max-snippet":"max-snippet:-1","max-image-preview":"max-image-preview:large","max-video-preview":"max-video-preview:-1"},"canonical":"https:\/\/kamae-conseil.com\/fr\/conferences\/","og_locale":"fr_FR","og_type":"article","og_title":"Conf\u00e9rences - Kamae Conseil","og_description":"[vc_row row_type=\u00a0\u00bbrow\u00a0\u00bb type=\u00a0\u00bbfull_width\u00a0\u00bb text_align=\u00a0\u00bbleft\u00a0\u00bb css_animation=\u00a0\u00bb\u00a0\u00bb css=\u00a0\u00bb. vc_custom_1632823733143 {margin-top: 70px! important;}\u00a0\u00bb][vc_column css=\u00a0\u00bb. vc_custom_1632823797227 {margin: custom_1632823797227 20px! Important;}\u00a0\u00bb][vc_column_text css=\u00a0\u00bb.vc_custom_1718899971965{margin-top: 80px...","og_url":"https:\/\/kamae-conseil.com\/fr\/conferences\/","og_site_name":"Kamae Conseil","article_modified_time":"2026-02-27T09:30:34+00:00","twitter_misc":{"Dur\u00e9e de lecture estim\u00e9e":"3 minutes"},"schema":{"@context":"https:\/\/schema.org","@graph":[{"@type":"WebPage","@id":"https:\/\/kamae-conseil.com\/fr\/conferences\/","url":"https:\/\/kamae-conseil.com\/fr\/conferences\/","name":"Conf\u00e9rences - Kamae Conseil","isPartOf":{"@id":"https:\/\/kamae-conseil.com\/fr\/#website"},"datePublished":"2021-11-02T17:29:07+00:00","dateModified":"2026-02-27T09:30:34+00:00","breadcrumb":{"@id":"https:\/\/kamae-conseil.com\/fr\/conferences\/#breadcrumb"},"inLanguage":"fr-FR","potentialAction":[{"@type":"ReadAction","target":["https:\/\/kamae-conseil.com\/fr\/conferences\/"]}]},{"@type":"BreadcrumbList","@id":"https:\/\/kamae-conseil.com\/fr\/conferences\/#breadcrumb","itemListElement":[{"@type":"ListItem","position":1,"name":"Home","item":"https:\/\/kamae-conseil.com\/fr\/"},{"@type":"ListItem","position":2,"name":"Conf\u00e9rences"}]},{"@type":"WebSite","@id":"https:\/\/kamae-conseil.com\/fr\/#website","url":"https:\/\/kamae-conseil.com\/fr\/","name":"Kamae Conseil","description":"","potentialAction":[{"@type":"SearchAction","target":{"@type":"EntryPoint","urlTemplate":"https:\/\/kamae-conseil.com\/fr\/?s={search_term_string}"},"query-input":{"@type":"PropertyValueSpecification","valueRequired":true,"valueName":"search_term_string"}}],"inLanguage":"fr-FR"}]}},"_links":{"self":[{"href":"https:\/\/kamae-conseil.com\/fr\/wp-json\/wp\/v2\/pages\/22630","targetHints":{"allow":["GET"]}}],"collection":[{"href":"https:\/\/kamae-conseil.com\/fr\/wp-json\/wp\/v2\/pages"}],"about":[{"href":"https:\/\/kamae-conseil.com\/fr\/wp-json\/wp\/v2\/types\/page"}],"author":[{"embeddable":true,"href":"https:\/\/kamae-conseil.com\/fr\/wp-json\/wp\/v2\/users\/1"}],"replies":[{"embeddable":true,"href":"https:\/\/kamae-conseil.com\/fr\/wp-json\/wp\/v2\/comments?post=22630"}],"version-history":[{"count":13,"href":"https:\/\/kamae-conseil.com\/fr\/wp-json\/wp\/v2\/pages\/22630\/revisions"}],"predecessor-version":[{"id":23396,"href":"https:\/\/kamae-conseil.com\/fr\/wp-json\/wp\/v2\/pages\/22630\/revisions\/23396"}],"wp:attachment":[{"href":"https:\/\/kamae-conseil.com\/fr\/wp-json\/wp\/v2\/media?parent=22630"}],"curies":[{"name":"wp","href":"https:\/\/api.w.org\/{rel}","templated":true}]}}