{"id":22628,"date":"2021-11-02T18:20:50","date_gmt":"2021-11-02T17:20:50","guid":{"rendered":"https:\/\/kamae-conseil.com\/fr\/?page_id=22628"},"modified":"2024-07-03T08:27:05","modified_gmt":"2024-07-03T06:27:05","slug":"coaching-3","status":"publish","type":"page","link":"https:\/\/kamae-conseil.com\/fr\/coaching-3\/","title":{"rendered":"Coaching"},"content":{"rendered":"<div class=\"wpb-content-wrapper\"><p>[vc_row row_type=\u00a0\u00bbrow\u00a0\u00bb type=\u00a0\u00bbfull_width\u00a0\u00bb text_align=\u00a0\u00bbleft\u00a0\u00bb css_animation=\u00a0\u00bb\u00a0\u00bb css=\u00a0\u00bb. vc_custom_1632823733143 {margin-top: 70px! important;}\u00a0\u00bb][vc_column css=\u00a0\u00bb. vc_custom_1632823797227 {margin: custom_1632823797227 20px! Important;}\u00a0\u00bb][vc_column_text css=\u00a0\u00bb.vc_custom_1719577198107{margin-top: 80px !important;margin-bottom: 20px !important;}\u00a0\u00bb]<\/p>\n<h2 style=\"text-align: left;\"><strong><span style=\"color: #631a45;\">NOTRE\u00a0 PROPOSITION\u00a0<\/span><\/strong><\/h2>\n<p>[\/vc_column_text][\/vc_column][\/vc_row][vc_row row_type=\u00a0\u00bbrow\u00a0\u00bb type=\u00a0\u00bbfull_width\u00a0\u00bb text_align=\u00a0\u00bbleft\u00a0\u00bb css_animation=\u00a0\u00bb\u00a0\u00bb css=\u00a0\u00bb.vc_custom_1632827055352{margin-bottom: 100px !important;}\u00a0\u00bb][vc_column][vc_column_text css=\u00a0\u00bb\u00a0\u00bb]Lieu d\u2019\u00e9change et de prise de recul, espace de questionnement, d\u2019exp\u00e9rimentation et d\u2019apprentissage \u2026 le coaching individuel propos\u00e9 par Kamae Conseil s\u2019adresse \u00e0 toute personne (dirigeant, manager, vendeur) souhaitant initier une v\u00e9ritable d\u00e9marche d\u2019\u00e9volution pour \u00e9largir sa zone de confort, d\u00e9velopper son savoir-faire comme son savoir-\u00eatre, et gagner en efficacit\u00e9 personnelle et\/ou professionnelle.<\/p>\n<p>&nbsp;<\/p>\n<p>Exemples de sujets trait\u00e9s en coaching individuel<\/p>\n<p>\u25aa Accompagnement \u00e0 la transition professionnelle et \u00e0 la prise de poste<\/p>\n<p>\u25aa Accompagnement sur des enjeux strat\u00e9giques ponctuels<\/p>\n<p>\u25aa D\u00e9veloppement de la posture et des comp\u00e9tences manag\u00e9riales<\/p>\n<p>\u25aa Renforcement de l\u2019intelligence \u00e9motionnelle et relationnelle<\/p>\n<p>\u25aa D\u00e9veloppement des techniques d\u2019affirmation de soi<\/p>\n<p>\u25aa D\u00e9veloppement des techniques de prise de parole en public impactante<\/p>\n<p>\u25aa \u2026<\/p>\n<p>&nbsp;<\/p>\n<p>Lorsqu\u2019il s\u2019adresse \u00e0 une \u00e9quipe, l\u2019accompagnement propos\u00e9 par Kamae Conseil vise le d\u00e9veloppement de la performance collective en favorisant coresponsabilit\u00e9, int\u00e9gration, \u00e9panouissement et engagement de chacun(e) au service de tous.<\/p>\n<p>&nbsp;<\/p>\n<p>Exemples de sujets trait\u00e9s en coaching d\u2019\u00e9quipe<\/p>\n<p>\u25aa Cr\u00e9er et faire vivre le cadre de coop\u00e9ration<\/p>\n<p>\u25aa Construire la performance collective en s\u2019appuyant sur les talents individuels<\/p>\n<p>\u25aa Engager le changement<\/p>\n<p>\u25aa \u2026[\/vc_column_text][\/vc_column][\/vc_row][vc_row row_type=\u00a0\u00bbrow\u00a0\u00bb type=\u00a0\u00bbgrid\u00a0\u00bb text_align=\u00a0\u00bbleft\u00a0\u00bb padding_top=\u00a0\u00bb50&Prime; padding_bottom=\u00a0\u00bb50&Prime; css_animation=\u00a0\u00bb\u00a0\u00bb css=\u00a0\u00bb.vc_custom_1719984194439{border-top-width: 3px !important;border-right-width: 3px !important;border-bottom-width: 3px !important;border-left-width: 3px !important;border-left-style: solid !important;border-right-style: solid !important;border-top-style: solid !important;border-bottom-style: solid !important;border-color: #631a45 !important;}\u00a0\u00bb][vc_column][vc_column_text css=\u00a0\u00bb\u00a0\u00bb]<\/p>\n<h2 style=\"text-align: center;\"><span style=\"color: #631a45;\"><strong>NOS SOLUTIONS<\/strong><\/span><\/h2>\n<p>[\/vc_column_text][vc_empty_space height=\u00a0\u00bb50px\u00a0\u00bb][\/vc_column][vc_column width=\u00a0\u00bb1\/4&Prime; css=\u00a0\u00bb.vc_custom_1719979242203{margin-bottom: 30px !important;}\u00a0\u00bb][vc_column_text css=\u00a0\u00bb\u00a0\u00bb]<\/p>\n<p style=\"text-align: center;\"><strong><span style=\"color: #631a45;\">Formation<\/span><\/strong><\/p>\n<p>[\/vc_column_text][vc_empty_space height=\u00a0\u00bb10px\u00a0\u00bb][vc_single_image image=\u00a0\u00bb23065&Prime; alignment=\u00a0\u00bbcenter\u00a0\u00bb style=\u00a0\u00bbvc_box_border\u00a0\u00bb onclick=\u00a0\u00bbcustom_link\u00a0\u00bb css=\u00a0\u00bb\u00a0\u00bb qode_css_animation=\u00a0\u00bb\u00a0\u00bb link=\u00a0\u00bbhttps:\/\/kamae-conseil.com\/fr\/formation\/\u00a0\u00bb el_class=\u00a0\u00bbkc-frame-img\u00a0\u00bb][\/vc_column][vc_column width=\u00a0\u00bb1\/4&Prime; css=\u00a0\u00bb.vc_custom_1719979262254{margin-bottom: 30px !important;}\u00a0\u00bb][vc_column_text css=\u00a0\u00bb\u00a0\u00bb]<\/p>\n<p style=\"text-align: center;\"><span style=\"color: #631a45;\"><strong>Team building<\/strong><\/span><\/p>\n<p>[\/vc_column_text][vc_empty_space height=\u00a0\u00bb10px\u00a0\u00bb][vc_single_image image=\u00a0\u00bb23067&Prime; alignment=\u00a0\u00bbcenter\u00a0\u00bb style=\u00a0\u00bbvc_box_border\u00a0\u00bb onclick=\u00a0\u00bbcustom_link\u00a0\u00bb css=\u00a0\u00bb\u00a0\u00bb qode_css_animation=\u00a0\u00bb\u00a0\u00bb link=\u00a0\u00bbhttps:\/\/kamae-conseil.com\/fr\/team-building\/\u00a0\u00bb el_class=\u00a0\u00bbkc-frame-img\u00a0\u00bb][\/vc_column][vc_column width=\u00a0\u00bb1\/4&Prime; css=\u00a0\u00bb.vc_custom_1719979271729{margin-bottom: 30px !important;}\u00a0\u00bb][vc_column_text css=\u00a0\u00bb\u00a0\u00bb]<\/p>\n<p style=\"text-align: center;\"><span style=\"color: #631a45;\"><strong>Conf\u00e9rences<\/strong><\/span><\/p>\n<p>[\/vc_column_text][vc_empty_space height=\u00a0\u00bb10px\u00a0\u00bb][vc_single_image image=\u00a0\u00bb23068&Prime; alignment=\u00a0\u00bbcenter\u00a0\u00bb style=\u00a0\u00bbvc_box_border\u00a0\u00bb onclick=\u00a0\u00bbcustom_link\u00a0\u00bb css=\u00a0\u00bb\u00a0\u00bb qode_css_animation=\u00a0\u00bb\u00a0\u00bb link=\u00a0\u00bbhttps:\/\/kamae-conseil.com\/fr\/conferences\/\u00a0\u00bb el_class=\u00a0\u00bbkc-frame-img\u00a0\u00bb][\/vc_column][vc_column width=\u00a0\u00bb1\/4&Prime;][vc_column_text css=\u00a0\u00bb\u00a0\u00bb]<\/p>\n<p style=\"text-align: center;\"><span style=\"color: #631a45;\"><strong>Assistance au recrutement\u00a0<\/strong><\/span><\/p>\n<p>[\/vc_column_text][vc_empty_space height=\u00a0\u00bb10px\u00a0\u00bb][vc_single_image image=\u00a0\u00bb23069&Prime; alignment=\u00a0\u00bbcenter\u00a0\u00bb style=\u00a0\u00bbvc_box_border\u00a0\u00bb onclick=\u00a0\u00bbcustom_link\u00a0\u00bb css=\u00a0\u00bb\u00a0\u00bb qode_css_animation=\u00a0\u00bb\u00a0\u00bb link=\u00a0\u00bbhttps:\/\/kamae-conseil.com\/fr\/assistance-recrutement-evaluation-bilan\/\u00a0\u00bb el_class=\u00a0\u00bbkc-frame-img\u00a0\u00bb][\/vc_column][\/vc_row][vc_row row_type=\u00a0\u00bbrow\u00a0\u00bb type=\u00a0\u00bbfull_width\u00a0\u00bb text_align=\u00a0\u00bbleft\u00a0\u00bb css_animation=\u00a0\u00bb\u00a0\u00bb][vc_column][vc_empty_space height=\u00a0\u00bb50px\u00a0\u00bb][\/vc_column][\/vc_row]<\/p>\n<\/div>","protected":false},"excerpt":{"rendered":"<p>[vc_row row_type=\u00a0\u00bbrow\u00a0\u00bb type=\u00a0\u00bbfull_width\u00a0\u00bb text_align=\u00a0\u00bbleft\u00a0\u00bb css_animation=\u00a0\u00bb\u00a0\u00bb css=\u00a0\u00bb. vc_custom_1632823733143 {margin-top: 70px! important;}\u00a0\u00bb][vc_column css=\u00a0\u00bb. vc_custom_1632823797227 {margin: custom_1632823797227 20px! Important;}\u00a0\u00bb][vc_column_text css=\u00a0\u00bb.vc_custom_1719577198107{margin-top: 80px&#8230;<\/p>\n","protected":false},"author":1,"featured_media":0,"parent":0,"menu_order":0,"comment_status":"closed","ping_status":"closed","template":"","meta":{"om_disable_all_campaigns":false,"footnotes":""},"class_list":["post-22628","page","type-page","status-publish","hentry"],"yoast_head":"<!-- This site is optimized with the Yoast SEO plugin v26.0 - https:\/\/yoast.com\/wordpress\/plugins\/seo\/ -->\n<title>Coaching - Kamae Conseil<\/title>\n<meta name=\"robots\" content=\"index, follow, max-snippet:-1, max-image-preview:large, max-video-preview:-1\" \/>\n<link rel=\"canonical\" href=\"https:\/\/kamae-conseil.com\/fr\/coaching-3\/\" \/>\n<meta property=\"og:locale\" content=\"fr_FR\" \/>\n<meta property=\"og:type\" content=\"article\" \/>\n<meta property=\"og:title\" content=\"Coaching - Kamae Conseil\" \/>\n<meta property=\"og:description\" content=\"[vc_row row_type=\u00a0\u00bbrow\u00a0\u00bb type=\u00a0\u00bbfull_width\u00a0\u00bb text_align=\u00a0\u00bbleft\u00a0\u00bb css_animation=\u00a0\u00bb\u00a0\u00bb css=\u00a0\u00bb. vc_custom_1632823733143 {margin-top: 70px! important;}\u00a0\u00bb][vc_column css=\u00a0\u00bb. vc_custom_1632823797227 {margin: custom_1632823797227 20px! Important;}\u00a0\u00bb][vc_column_text css=\u00a0\u00bb.vc_custom_1719577198107{margin-top: 80px...\" \/>\n<meta property=\"og:url\" content=\"https:\/\/kamae-conseil.com\/fr\/coaching-3\/\" \/>\n<meta property=\"og:site_name\" content=\"Kamae Conseil\" \/>\n<meta property=\"article:modified_time\" content=\"2024-07-03T06:27:05+00:00\" \/>\n<meta name=\"twitter:label1\" content=\"Dur\u00e9e de lecture estim\u00e9e\" \/>\n\t<meta name=\"twitter:data1\" content=\"3 minutes\" \/>\n<script type=\"application\/ld+json\" class=\"yoast-schema-graph\">{\"@context\":\"https:\/\/schema.org\",\"@graph\":[{\"@type\":\"WebPage\",\"@id\":\"https:\/\/kamae-conseil.com\/fr\/coaching-3\/\",\"url\":\"https:\/\/kamae-conseil.com\/fr\/coaching-3\/\",\"name\":\"Coaching - Kamae Conseil\",\"isPartOf\":{\"@id\":\"https:\/\/kamae-conseil.com\/fr\/#website\"},\"datePublished\":\"2021-11-02T17:20:50+00:00\",\"dateModified\":\"2024-07-03T06:27:05+00:00\",\"breadcrumb\":{\"@id\":\"https:\/\/kamae-conseil.com\/fr\/coaching-3\/#breadcrumb\"},\"inLanguage\":\"fr-FR\",\"potentialAction\":[{\"@type\":\"ReadAction\",\"target\":[\"https:\/\/kamae-conseil.com\/fr\/coaching-3\/\"]}]},{\"@type\":\"BreadcrumbList\",\"@id\":\"https:\/\/kamae-conseil.com\/fr\/coaching-3\/#breadcrumb\",\"itemListElement\":[{\"@type\":\"ListItem\",\"position\":1,\"name\":\"Home\",\"item\":\"https:\/\/kamae-conseil.com\/fr\/\"},{\"@type\":\"ListItem\",\"position\":2,\"name\":\"Coaching\"}]},{\"@type\":\"WebSite\",\"@id\":\"https:\/\/kamae-conseil.com\/fr\/#website\",\"url\":\"https:\/\/kamae-conseil.com\/fr\/\",\"name\":\"Kamae Conseil\",\"description\":\"\",\"potentialAction\":[{\"@type\":\"SearchAction\",\"target\":{\"@type\":\"EntryPoint\",\"urlTemplate\":\"https:\/\/kamae-conseil.com\/fr\/?s={search_term_string}\"},\"query-input\":{\"@type\":\"PropertyValueSpecification\",\"valueRequired\":true,\"valueName\":\"search_term_string\"}}],\"inLanguage\":\"fr-FR\"}]}<\/script>\n<!-- \/ Yoast SEO plugin. -->","yoast_head_json":{"title":"Coaching - Kamae Conseil","robots":{"index":"index","follow":"follow","max-snippet":"max-snippet:-1","max-image-preview":"max-image-preview:large","max-video-preview":"max-video-preview:-1"},"canonical":"https:\/\/kamae-conseil.com\/fr\/coaching-3\/","og_locale":"fr_FR","og_type":"article","og_title":"Coaching - Kamae Conseil","og_description":"[vc_row row_type=\u00a0\u00bbrow\u00a0\u00bb type=\u00a0\u00bbfull_width\u00a0\u00bb text_align=\u00a0\u00bbleft\u00a0\u00bb css_animation=\u00a0\u00bb\u00a0\u00bb css=\u00a0\u00bb. vc_custom_1632823733143 {margin-top: 70px! important;}\u00a0\u00bb][vc_column css=\u00a0\u00bb. vc_custom_1632823797227 {margin: custom_1632823797227 20px! Important;}\u00a0\u00bb][vc_column_text css=\u00a0\u00bb.vc_custom_1719577198107{margin-top: 80px...","og_url":"https:\/\/kamae-conseil.com\/fr\/coaching-3\/","og_site_name":"Kamae Conseil","article_modified_time":"2024-07-03T06:27:05+00:00","twitter_misc":{"Dur\u00e9e de lecture estim\u00e9e":"3 minutes"},"schema":{"@context":"https:\/\/schema.org","@graph":[{"@type":"WebPage","@id":"https:\/\/kamae-conseil.com\/fr\/coaching-3\/","url":"https:\/\/kamae-conseil.com\/fr\/coaching-3\/","name":"Coaching - Kamae Conseil","isPartOf":{"@id":"https:\/\/kamae-conseil.com\/fr\/#website"},"datePublished":"2021-11-02T17:20:50+00:00","dateModified":"2024-07-03T06:27:05+00:00","breadcrumb":{"@id":"https:\/\/kamae-conseil.com\/fr\/coaching-3\/#breadcrumb"},"inLanguage":"fr-FR","potentialAction":[{"@type":"ReadAction","target":["https:\/\/kamae-conseil.com\/fr\/coaching-3\/"]}]},{"@type":"BreadcrumbList","@id":"https:\/\/kamae-conseil.com\/fr\/coaching-3\/#breadcrumb","itemListElement":[{"@type":"ListItem","position":1,"name":"Home","item":"https:\/\/kamae-conseil.com\/fr\/"},{"@type":"ListItem","position":2,"name":"Coaching"}]},{"@type":"WebSite","@id":"https:\/\/kamae-conseil.com\/fr\/#website","url":"https:\/\/kamae-conseil.com\/fr\/","name":"Kamae Conseil","description":"","potentialAction":[{"@type":"SearchAction","target":{"@type":"EntryPoint","urlTemplate":"https:\/\/kamae-conseil.com\/fr\/?s={search_term_string}"},"query-input":{"@type":"PropertyValueSpecification","valueRequired":true,"valueName":"search_term_string"}}],"inLanguage":"fr-FR"}]}},"_links":{"self":[{"href":"https:\/\/kamae-conseil.com\/fr\/wp-json\/wp\/v2\/pages\/22628","targetHints":{"allow":["GET"]}}],"collection":[{"href":"https:\/\/kamae-conseil.com\/fr\/wp-json\/wp\/v2\/pages"}],"about":[{"href":"https:\/\/kamae-conseil.com\/fr\/wp-json\/wp\/v2\/types\/page"}],"author":[{"embeddable":true,"href":"https:\/\/kamae-conseil.com\/fr\/wp-json\/wp\/v2\/users\/1"}],"replies":[{"embeddable":true,"href":"https:\/\/kamae-conseil.com\/fr\/wp-json\/wp\/v2\/comments?post=22628"}],"version-history":[{"count":16,"href":"https:\/\/kamae-conseil.com\/fr\/wp-json\/wp\/v2\/pages\/22628\/revisions"}],"predecessor-version":[{"id":23235,"href":"https:\/\/kamae-conseil.com\/fr\/wp-json\/wp\/v2\/pages\/22628\/revisions\/23235"}],"wp:attachment":[{"href":"https:\/\/kamae-conseil.com\/fr\/wp-json\/wp\/v2\/media?parent=22628"}],"curies":[{"name":"wp","href":"https:\/\/api.w.org\/{rel}","templated":true}]}}