{"id":20781,"date":"2014-12-17T18:38:32","date_gmt":"2014-12-17T18:38:32","guid":{"rendered":"http:\/\/bpd.com.np\/wp\/kc\/fr\/?page_id=20781"},"modified":"2024-07-10T12:54:16","modified_gmt":"2024-07-10T10:54:16","slug":"prestations-kamae","status":"publish","type":"page","link":"https:\/\/kamae-conseil.com\/fr\/prestations-kamae\/","title":{"rendered":"Nos prestations"},"content":{"rendered":"<div class=\"wpb-content-wrapper\"><p>[vc_row row_type=\u00a0\u00bbrow\u00a0\u00bb type=\u00a0\u00bbgrid\u00a0\u00bb text_align=\u00a0\u00bbleft\u00a0\u00bb padding_top=\u00a0\u00bb100&Prime; padding_bottom=\u00a0\u00bb100&Prime; css_animation=\u00a0\u00bb\u00a0\u00bb el_class=\u00a0\u00bbmydoughnut\u00a0\u00bb][vc_column]<div class='q_icon_with_title  normal_icon'><div class=\"icon_holder \" style=\" \"><\/div><div class=\"icon_text_holder\" style=\"\"><div class=\"icon_text_inner\" style=\"\"><h2 class=\"icon_title\" style=\"color: #631a45\">NOTRE EXPERTISE : L\u2019EFFICACITE RELATIONNELLE<\/h2><p style=''>Kamae Conseil d\u00e9veloppe depuis son origine une expertise reconnue centr\u00e9e sur le renforcement technique et comportemental du rapport \u00e0 soi et \u00e0 l\u2019autre, qu\u2019il s\u2019agisse de relations \u00e0 un public, au sein d\u2019une \u00e9quipe, \u00e0 son manager, \u00e0 ses clients ou \u00e0 ses partenaires internes\/externes. Pourquoi ce choix ? Tout simplement parce que nous croyons que l\u2019intelligence relationnelle est la cl\u00e9 de vo\u00fbte sur laquelle s\u2019appuie la performance individuelle et collective, et qu\u2019il est plus sens\u00e9 de travailler \u00e0 \u00e9largir sa zone de confort plut\u00f4t que de chercher \u00e0 en sortir ...<\/p><\/div><\/div><\/div>[vc_empty_space][vc_column_text css=\u00a0\u00bb\u00a0\u00bb]<\/p>\n<h2><span style=\"color: #631a45;\">NOTRE APPROCHE : PENSER QUI VOUS \u00caTES, O\u00d9 VOUS \u00caTES, COMME VOUS \u00caTES<\/span><\/h2>\n<p>&nbsp;<\/p>\n<p style=\"text-align: justify;\">Parce qu\u2019une formation ne se r\u00e9sume pas \u00e0 d\u00e9livrer un contenu standard, qu\u2019un coaching va au-del\u00e0 d\u2019un simple \u00e9change entre deux personnes, qu\u2019un team building n\u2019est pas qu\u2019une journ\u00e9e en plein air destin\u00e9e \u00e0 d\u00e9tendre vos \u00e9quipes, et qu\u2019un recrutement repr\u00e9sente un enjeu humain et financier exigeant davantage qu\u2019un process industrialis\u00e9, vous ne trouverez pas chez Kamae Conseil un catalogue d\u2019offre de services.<br \/>\nCe que vous trouverez en revanche, c\u2019est une \u00e9quipe qui :<br \/>\n\u25aa Prendra plaisir \u00e0 <strong>\u00e9changer<\/strong> avec vous pour comprendre votre Histoire, votre environnement, votre contexte, vos enjeux et vos objectifs<br \/>\n\u25aa Les <strong>traduira<\/strong> en dispositifs p\u00e9rennes bas\u00e9s sur<\/p>\n<p style=\"text-align: justify;\">&#8211; Une expertise adapt\u00e9e (qu\u2019il s\u2019agisse de consultants \u00ab traditionnels \u00bb ou d\u2019acteurs, chanteurs lyriques, mentalistes, professeurs d\u2019arts martiaux et autres experts dont le r\u00f4le sera d\u2019aborder les sujets trait\u00e9s de mani\u00e8re d\u00e9cal\u00e9e pour en renforcer l\u2019appropriation)<br \/>\n&#8211; Un environnement de travail coh\u00e9rent (interventions en salle, sur le terrain \u00e0 l\u2019aide d\u2019un syst\u00e8me micro-oreillette, sur une sc\u00e8ne de th\u00e9\u00e2tre, en espace cr\u00e9atif, en pleine nature ou en tout autre lieu susceptible de porter et d\u2019amplifier votre message)<br \/>\n&#8211; Des outils efficaces (DISC\u00a9, WPMOT\u00a9, PTSI\u00a9, EQ\u00a9, Enn\u00e9agramme\u00a9, PNL\u00a9, 360\u00b0\u00a9, Synergologie\u00a9 &#8230;)<br \/>\n\u25aa S\u2019<strong>engagera<\/strong> \u00e0 vos c\u00f4t\u00e9s pour \u00e9lever le niveau de d\u00e9veloppement personnel et professionnel de vos collaboratrices et collaborateurs<\/p>\n<p>[\/vc_column_text][\/vc_column][\/vc_row][vc_row row_type=\u00a0\u00bbrow\u00a0\u00bb type=\u00a0\u00bbgrid\u00a0\u00bb text_align=\u00a0\u00bbleft\u00a0\u00bb padding_top=\u00a0\u00bb100&Prime; padding_bottom=\u00a0\u00bb100&Prime; css_animation=\u00a0\u00bb\u00a0\u00bb el_class=\u00a0\u00bbmydoughnut\u00a0\u00bb][vc_column]<div class='q_icon_with_title  normal_icon'><div class=\"icon_holder \" style=\" \"><span class=\"q_font_elegant_holder icon_with_text_class normal \" style=\"font-size: 32px;\" ><span class=\"q_font_elegant_icon icon_piechart\" aria-hidden=\"true\"><\/span><\/span><\/div><div class=\"icon_text_holder\" style=\"padding-left: 60px\"><div class=\"icon_text_inner\" style=\"\"><h2 class=\"icon_title\" style=\"color: #631a45\">NOS CHAMPS D'INTERVENTION<\/h2><p style=''><\/p><\/div><\/div><\/div>[vc_separator type=\u00a0\u00bbtransparent\u00a0\u00bb thickness=\u00a0\u00bb30&Prime;][vc_row_inner row_type=\u00a0\u00bbrow\u00a0\u00bb type=\u00a0\u00bbgrid\u00a0\u00bb text_align=\u00a0\u00bbleft\u00a0\u00bb css_animation=\u00a0\u00bb\u00a0\u00bb][vc_column_inner width=\u00a0\u00bb1\/3&Prime;]<div class='q_pie_graf_holder'><div class='q_pie_graf'><canvas id='pie4357' height='120' width='120'><\/canvas><\/div><div class='q_pie_graf_legend'><ul><li><div class='color_holder' style='background-color: #b2b18f;'><\/div><p style='color: ;'>Comit\u00e9s de direction<\/p><\/li><li><div class='color_holder' style='background-color: #cac59b;'><\/div><p style='color: ;'>Managers de proximit\u00e9<\/p><\/li><li><div class='color_holder' style='background-color: #ece9da;'><\/div><p style='color: ;'>Vendeurs et Commerciaux<\/p><\/li><li><div class='color_holder' style='background-color: #F5F4DF;'><\/div><p style='color: ;'>Fonctions support formateurs et coaches internes<\/p><\/li><\/ul><\/div><\/div><script>var pie4357 = [{value: 5,color:'#b2b18f'},{value: 45,color:'#cac59b'},{value: 35,color:'#ece9da'},{value: 15,color:'#F5F4DF'}];\n\t\tvar $j = jQuery.noConflict();\n\t\t$j(document).ready(function() {\n\t\t\tif($j('.touch .no_delay').length){\n\t\t\t\tnew Chart(document.getElementById('pie4357').getContext('2d')).Doughnut(pie4357,{segmentStrokeColor : 'transparent',});\n\t\t\t}else{\n\t\t\t\t$j('#pie4357').appear(function() {\n\t\t\t\t\tnew Chart(document.getElementById('pie4357').getContext('2d')).Doughnut(pie4357,{segmentStrokeColor : 'transparent',});\n\t\t\t\t},{accX: 0, accY: -200});\n\t\t\t}\t\t\t\t\t\t\t\n\t\t});\n\t<\/script>[\/vc_column_inner][vc_column_inner width=\u00a0\u00bb1\/3&Prime;]<div class='q_pie_graf_holder'><div class='q_pie_graf'><canvas id='pie2939' height='120' width='120'><\/canvas><\/div><div class='q_pie_graf_legend'><ul><li><div class='color_holder' style='background-color: #b2b18f;'><\/div><p style='color: ;'>Formation<\/p><\/li><li><div class='color_holder' style='background-color: #cac59b;'><\/div><p style='color: ;'>Coaching<\/p><\/li><li><div class='color_holder' style='background-color: #ece9da;'><\/div><p style='color: ;'>Team buildings<\/p><\/li><li><div class='color_holder' style='background-color: #F5F4DF;'><\/div><p style='color: ;'>Assistance au recrutement et \u00e0 la mobilit\u00e9<\/p><\/li><li><div class='color_holder' style='background-color: #F1F1F1;'><\/div><p style='color: ;'>Autres prestations<\/p><\/li><\/ul><\/div><\/div><script>var pie2939 = [{value: 60,color:'#b2b18f'},{value: 14,color:'#cac59b'},{value: 13,color:'#ece9da'},{value: 5,color:'#F5F4DF'},{value: \u00a08,color:'#F1F1F1'}];\n\t\tvar $j = jQuery.noConflict();\n\t\t$j(document).ready(function() {\n\t\t\tif($j('.touch .no_delay').length){\n\t\t\t\tnew Chart(document.getElementById('pie2939').getContext('2d')).Doughnut(pie2939,{segmentStrokeColor : 'transparent',});\n\t\t\t}else{\n\t\t\t\t$j('#pie2939').appear(function() {\n\t\t\t\t\tnew Chart(document.getElementById('pie2939').getContext('2d')).Doughnut(pie2939,{segmentStrokeColor : 'transparent',});\n\t\t\t\t},{accX: 0, accY: -200});\n\t\t\t}\t\t\t\t\t\t\t\n\t\t});\n\t<\/script>[\/vc_column_inner][vc_column_inner width=\u00a0\u00bb1\/3&Prime;]<div class='q_pie_graf_holder'><div class='q_pie_graf'><canvas id='pie5313' height='120' width='120'><\/canvas><\/div><div class='q_pie_graf_legend'><ul><li><div class='color_holder' style='background-color: #b2b18f;'><\/div><p style='color: ;'>Europe<\/p><\/li><li><div class='color_holder' style='background-color: #cac59b;'><\/div><p style='color: ;'>Asie<\/p><\/li><li><div class='color_holder' style='background-color: #ece9da;'><\/div><p style='color: ;'>Oc\u00e9anie<\/p><\/li><li><div class='color_holder' style='background-color: #F5F4DF;'><\/div><p style='color: ;'>Afrique<\/p><\/li><li><div class='color_holder' style='background-color: #F1F1F1;'><\/div><p style='color: ;'>Am\u00e9rique<\/p><\/li><\/ul><\/div><\/div><script>var pie5313 = [{value: 60,color:'#b2b18f'},{value: 30,color:'#cac59b'},{value: 3,color:'#ece9da'},{value: 2,color:'#F5F4DF'},{value: \u00a05,color:'#F1F1F1'}];\n\t\tvar $j = jQuery.noConflict();\n\t\t$j(document).ready(function() {\n\t\t\tif($j('.touch .no_delay').length){\n\t\t\t\tnew Chart(document.getElementById('pie5313').getContext('2d')).Doughnut(pie5313,{segmentStrokeColor : 'transparent',});\n\t\t\t}else{\n\t\t\t\t$j('#pie5313').appear(function() {\n\t\t\t\t\tnew Chart(document.getElementById('pie5313').getContext('2d')).Doughnut(pie5313,{segmentStrokeColor : 'transparent',});\n\t\t\t\t},{accX: 0, accY: -200});\n\t\t\t}\t\t\t\t\t\t\t\n\t\t});\n\t<\/script>[\/vc_column_inner][\/vc_row_inner][vc_empty_space height=\u00a0\u00bb50px\u00a0\u00bb][\/vc_column][\/vc_row][vc_row row_type=\u00a0\u00bbrow\u00a0\u00bb type=\u00a0\u00bbgrid\u00a0\u00bb text_align=\u00a0\u00bbleft\u00a0\u00bb padding_top=\u00a0\u00bb50&Prime; padding_bottom=\u00a0\u00bb50&Prime; css_animation=\u00a0\u00bb\u00a0\u00bb css=\u00a0\u00bb.vc_custom_1719984359821{border-top-width: 3px !important;border-right-width: 3px !important;border-bottom-width: 3px !important;border-left-width: 3px !important;border-left-style: solid !important;border-right-style: solid !important;border-top-style: solid !important;border-bottom-style: solid !important;border-color: #631a45 !important;}\u00a0\u00bb][vc_column][vc_column_text css=\u00a0\u00bb\u00a0\u00bb]<\/p>\n<h2 style=\"text-align: center;\"><span style=\"color: #631a45;\"><strong>NOS SOLUTIONS<\/strong><\/span><\/h2>\n<p>[\/vc_column_text][vc_empty_space height=\u00a0\u00bb50px\u00a0\u00bb][\/vc_column][vc_column width=\u00a0\u00bb1\/5&Prime; css=\u00a0\u00bb.vc_custom_1719979242203{margin-bottom: 30px !important;}\u00a0\u00bb][vc_column_text css=\u00a0\u00bb\u00a0\u00bb]<\/p>\n<p style=\"text-align: center;\"><strong><span style=\"color: #631a45;\">Formation<\/span><\/strong><\/p>\n<p>[\/vc_column_text][vc_empty_space height=\u00a0\u00bb10px\u00a0\u00bb][vc_single_image image=\u00a0\u00bb23065&Prime; alignment=\u00a0\u00bbcenter\u00a0\u00bb style=\u00a0\u00bbvc_box_border\u00a0\u00bb onclick=\u00a0\u00bbcustom_link\u00a0\u00bb css=\u00a0\u00bb\u00a0\u00bb qode_css_animation=\u00a0\u00bb\u00a0\u00bb link=\u00a0\u00bbhttps:\/\/kamae-conseil.com\/fr\/formation\/\u00a0\u00bb el_class=\u00a0\u00bbkc-frame-img\u00a0\u00bb][\/vc_column][vc_column width=\u00a0\u00bb1\/5&Prime; css=\u00a0\u00bb.vc_custom_1719979251734{margin-bottom: 30px !important;}\u00a0\u00bb][vc_column_text css=\u00a0\u00bb\u00a0\u00bb]<\/p>\n<p style=\"text-align: center;\"><span style=\"color: #631a45;\"><strong>Coaching<\/strong><\/span><\/p>\n<p>[\/vc_column_text][vc_empty_space height=\u00a0\u00bb10px\u00a0\u00bb][vc_single_image image=\u00a0\u00bb23066&Prime; alignment=\u00a0\u00bbcenter\u00a0\u00bb style=\u00a0\u00bbvc_box_border\u00a0\u00bb onclick=\u00a0\u00bbcustom_link\u00a0\u00bb css=\u00a0\u00bb\u00a0\u00bb qode_css_animation=\u00a0\u00bb\u00a0\u00bb link=\u00a0\u00bbhttps:\/\/kamae-conseil.com\/fr\/coaching-3\/\u00a0\u00bb el_class=\u00a0\u00bbkc-frame-img\u00a0\u00bb][\/vc_column][vc_column width=\u00a0\u00bb1\/5&Prime; css=\u00a0\u00bb.vc_custom_1719979262254{margin-bottom: 30px !important;}\u00a0\u00bb][vc_column_text css=\u00a0\u00bb\u00a0\u00bb]<\/p>\n<p style=\"text-align: center;\"><span style=\"color: #631a45;\"><strong>Team building<\/strong><\/span><\/p>\n<p>[\/vc_column_text][vc_empty_space height=\u00a0\u00bb10px\u00a0\u00bb][vc_single_image image=\u00a0\u00bb23067&Prime; alignment=\u00a0\u00bbcenter\u00a0\u00bb style=\u00a0\u00bbvc_box_border\u00a0\u00bb onclick=\u00a0\u00bbcustom_link\u00a0\u00bb css=\u00a0\u00bb\u00a0\u00bb qode_css_animation=\u00a0\u00bb\u00a0\u00bb link=\u00a0\u00bbhttps:\/\/kamae-conseil.com\/fr\/team-building\/\u00a0\u00bb el_class=\u00a0\u00bbkc-frame-img\u00a0\u00bb][\/vc_column][vc_column width=\u00a0\u00bb1\/5&Prime; css=\u00a0\u00bb.vc_custom_1719979271729{margin-bottom: 30px !important;}\u00a0\u00bb][vc_column_text css=\u00a0\u00bb\u00a0\u00bb]<\/p>\n<p style=\"text-align: center;\"><span style=\"color: #631a45;\"><strong>Conf\u00e9rences<\/strong><\/span><\/p>\n<p>[\/vc_column_text][vc_empty_space height=\u00a0\u00bb10px\u00a0\u00bb][vc_single_image image=\u00a0\u00bb23068&Prime; alignment=\u00a0\u00bbcenter\u00a0\u00bb style=\u00a0\u00bbvc_box_border\u00a0\u00bb onclick=\u00a0\u00bbcustom_link\u00a0\u00bb css=\u00a0\u00bb\u00a0\u00bb qode_css_animation=\u00a0\u00bb\u00a0\u00bb link=\u00a0\u00bbhttps:\/\/kamae-conseil.com\/fr\/conferences\/\u00a0\u00bb el_class=\u00a0\u00bbkc-frame-img\u00a0\u00bb][\/vc_column][vc_column width=\u00a0\u00bb1\/5&Prime; css=\u00a0\u00bb.vc_custom_1719979356239{margin-bottom: 30px !important;}\u00a0\u00bb][vc_column_text css=\u00a0\u00bb\u00a0\u00bb]<\/p>\n<p style=\"text-align: center;\"><span style=\"color: #631a45;\"><strong>Assistance au recrutement\u00a0<\/strong><\/span><\/p>\n<p>[\/vc_column_text][vc_empty_space height=\u00a0\u00bb10px\u00a0\u00bb][vc_single_image image=\u00a0\u00bb23069&Prime; alignment=\u00a0\u00bbcenter\u00a0\u00bb style=\u00a0\u00bbvc_box_border\u00a0\u00bb onclick=\u00a0\u00bbcustom_link\u00a0\u00bb css=\u00a0\u00bb\u00a0\u00bb qode_css_animation=\u00a0\u00bb\u00a0\u00bb link=\u00a0\u00bbhttps:\/\/kamae-conseil.com\/fr\/assistance-recrutement-evaluation-bilan\/\u00a0\u00bb el_class=\u00a0\u00bbkc-frame-img\u00a0\u00bb][\/vc_column][\/vc_row][vc_row row_type=\u00a0\u00bbrow\u00a0\u00bb type=\u00a0\u00bbfull_width\u00a0\u00bb text_align=\u00a0\u00bbleft\u00a0\u00bb css_animation=\u00a0\u00bb\u00a0\u00bb][vc_column][vc_empty_space height=\u00a0\u00bb50px\u00a0\u00bb][\/vc_column][\/vc_row]<\/p>\n<\/div>","protected":false},"excerpt":{"rendered":"<p>[vc_row row_type=\u00a0\u00bbrow\u00a0\u00bb type=\u00a0\u00bbgrid\u00a0\u00bb text_align=\u00a0\u00bbleft\u00a0\u00bb padding_top=\u00a0\u00bb100&Prime; padding_bottom=\u00a0\u00bb100&Prime; css_animation=\u00a0\u00bb\u00a0\u00bb el_class=\u00a0\u00bbmydoughnut\u00a0\u00bb][vc_column][vc_empty_space][vc_column_text css=\u00a0\u00bb\u00a0\u00bb] NOTRE APPROCHE : PENSER QUI VOUS \u00caTES, O\u00d9 VOUS&#8230;<\/p>\n","protected":false},"author":1,"featured_media":0,"parent":0,"menu_order":0,"comment_status":"open","ping_status":"closed","template":"","meta":{"om_disable_all_campaigns":false,"footnotes":""},"class_list":["post-20781","page","type-page","status-publish","hentry"],"yoast_head":"<!-- This site is optimized with the Yoast SEO plugin v26.0 - https:\/\/yoast.com\/wordpress\/plugins\/seo\/ -->\n<title>Nos prestations - Kamae Conseil<\/title>\n<meta name=\"robots\" content=\"index, follow, max-snippet:-1, max-image-preview:large, max-video-preview:-1\" \/>\n<link rel=\"canonical\" href=\"https:\/\/kamae-conseil.com\/fr\/prestations-kamae\/\" \/>\n<meta property=\"og:locale\" content=\"fr_FR\" \/>\n<meta property=\"og:type\" content=\"article\" \/>\n<meta property=\"og:title\" content=\"Nos prestations - Kamae Conseil\" \/>\n<meta property=\"og:description\" content=\"[vc_row row_type=\u00a0\u00bbrow\u00a0\u00bb type=\u00a0\u00bbgrid\u00a0\u00bb text_align=\u00a0\u00bbleft\u00a0\u00bb padding_top=\u00a0\u00bb100&Prime; padding_bottom=\u00a0\u00bb100&Prime; css_animation=\u00a0\u00bb\u00a0\u00bb el_class=\u00a0\u00bbmydoughnut\u00a0\u00bb][vc_column][vc_empty_space][vc_column_text css=\u00a0\u00bb\u00a0\u00bb] NOTRE APPROCHE : PENSER QUI VOUS \u00caTES, O\u00d9 VOUS...\" \/>\n<meta property=\"og:url\" content=\"https:\/\/kamae-conseil.com\/fr\/prestations-kamae\/\" \/>\n<meta property=\"og:site_name\" content=\"Kamae Conseil\" \/>\n<meta property=\"article:modified_time\" content=\"2024-07-10T10:54:16+00:00\" \/>\n<meta name=\"twitter:label1\" content=\"Dur\u00e9e de lecture estim\u00e9e\" \/>\n\t<meta name=\"twitter:data1\" content=\"3 minutes\" \/>\n<script type=\"application\/ld+json\" class=\"yoast-schema-graph\">{\"@context\":\"https:\/\/schema.org\",\"@graph\":[{\"@type\":\"WebPage\",\"@id\":\"https:\/\/kamae-conseil.com\/fr\/prestations-kamae\/\",\"url\":\"https:\/\/kamae-conseil.com\/fr\/prestations-kamae\/\",\"name\":\"Nos prestations - Kamae Conseil\",\"isPartOf\":{\"@id\":\"https:\/\/kamae-conseil.com\/fr\/#website\"},\"datePublished\":\"2014-12-17T18:38:32+00:00\",\"dateModified\":\"2024-07-10T10:54:16+00:00\",\"breadcrumb\":{\"@id\":\"https:\/\/kamae-conseil.com\/fr\/prestations-kamae\/#breadcrumb\"},\"inLanguage\":\"fr-FR\",\"potentialAction\":[{\"@type\":\"ReadAction\",\"target\":[\"https:\/\/kamae-conseil.com\/fr\/prestations-kamae\/\"]}]},{\"@type\":\"BreadcrumbList\",\"@id\":\"https:\/\/kamae-conseil.com\/fr\/prestations-kamae\/#breadcrumb\",\"itemListElement\":[{\"@type\":\"ListItem\",\"position\":1,\"name\":\"Home\",\"item\":\"https:\/\/kamae-conseil.com\/fr\/\"},{\"@type\":\"ListItem\",\"position\":2,\"name\":\"Nos prestations\"}]},{\"@type\":\"WebSite\",\"@id\":\"https:\/\/kamae-conseil.com\/fr\/#website\",\"url\":\"https:\/\/kamae-conseil.com\/fr\/\",\"name\":\"Kamae Conseil\",\"description\":\"\",\"potentialAction\":[{\"@type\":\"SearchAction\",\"target\":{\"@type\":\"EntryPoint\",\"urlTemplate\":\"https:\/\/kamae-conseil.com\/fr\/?s={search_term_string}\"},\"query-input\":{\"@type\":\"PropertyValueSpecification\",\"valueRequired\":true,\"valueName\":\"search_term_string\"}}],\"inLanguage\":\"fr-FR\"}]}<\/script>\n<!-- \/ Yoast SEO plugin. -->","yoast_head_json":{"title":"Nos prestations - Kamae Conseil","robots":{"index":"index","follow":"follow","max-snippet":"max-snippet:-1","max-image-preview":"max-image-preview:large","max-video-preview":"max-video-preview:-1"},"canonical":"https:\/\/kamae-conseil.com\/fr\/prestations-kamae\/","og_locale":"fr_FR","og_type":"article","og_title":"Nos prestations - Kamae Conseil","og_description":"[vc_row row_type=\u00a0\u00bbrow\u00a0\u00bb type=\u00a0\u00bbgrid\u00a0\u00bb text_align=\u00a0\u00bbleft\u00a0\u00bb padding_top=\u00a0\u00bb100&Prime; padding_bottom=\u00a0\u00bb100&Prime; css_animation=\u00a0\u00bb\u00a0\u00bb el_class=\u00a0\u00bbmydoughnut\u00a0\u00bb][vc_column][vc_empty_space][vc_column_text css=\u00a0\u00bb\u00a0\u00bb] NOTRE APPROCHE : PENSER QUI VOUS \u00caTES, O\u00d9 VOUS...","og_url":"https:\/\/kamae-conseil.com\/fr\/prestations-kamae\/","og_site_name":"Kamae Conseil","article_modified_time":"2024-07-10T10:54:16+00:00","twitter_misc":{"Dur\u00e9e de lecture estim\u00e9e":"3 minutes"},"schema":{"@context":"https:\/\/schema.org","@graph":[{"@type":"WebPage","@id":"https:\/\/kamae-conseil.com\/fr\/prestations-kamae\/","url":"https:\/\/kamae-conseil.com\/fr\/prestations-kamae\/","name":"Nos prestations - Kamae Conseil","isPartOf":{"@id":"https:\/\/kamae-conseil.com\/fr\/#website"},"datePublished":"2014-12-17T18:38:32+00:00","dateModified":"2024-07-10T10:54:16+00:00","breadcrumb":{"@id":"https:\/\/kamae-conseil.com\/fr\/prestations-kamae\/#breadcrumb"},"inLanguage":"fr-FR","potentialAction":[{"@type":"ReadAction","target":["https:\/\/kamae-conseil.com\/fr\/prestations-kamae\/"]}]},{"@type":"BreadcrumbList","@id":"https:\/\/kamae-conseil.com\/fr\/prestations-kamae\/#breadcrumb","itemListElement":[{"@type":"ListItem","position":1,"name":"Home","item":"https:\/\/kamae-conseil.com\/fr\/"},{"@type":"ListItem","position":2,"name":"Nos prestations"}]},{"@type":"WebSite","@id":"https:\/\/kamae-conseil.com\/fr\/#website","url":"https:\/\/kamae-conseil.com\/fr\/","name":"Kamae Conseil","description":"","potentialAction":[{"@type":"SearchAction","target":{"@type":"EntryPoint","urlTemplate":"https:\/\/kamae-conseil.com\/fr\/?s={search_term_string}"},"query-input":{"@type":"PropertyValueSpecification","valueRequired":true,"valueName":"search_term_string"}}],"inLanguage":"fr-FR"}]}},"_links":{"self":[{"href":"https:\/\/kamae-conseil.com\/fr\/wp-json\/wp\/v2\/pages\/20781","targetHints":{"allow":["GET"]}}],"collection":[{"href":"https:\/\/kamae-conseil.com\/fr\/wp-json\/wp\/v2\/pages"}],"about":[{"href":"https:\/\/kamae-conseil.com\/fr\/wp-json\/wp\/v2\/types\/page"}],"author":[{"embeddable":true,"href":"https:\/\/kamae-conseil.com\/fr\/wp-json\/wp\/v2\/users\/1"}],"replies":[{"embeddable":true,"href":"https:\/\/kamae-conseil.com\/fr\/wp-json\/wp\/v2\/comments?post=20781"}],"version-history":[{"count":25,"href":"https:\/\/kamae-conseil.com\/fr\/wp-json\/wp\/v2\/pages\/20781\/revisions"}],"predecessor-version":[{"id":22909,"href":"https:\/\/kamae-conseil.com\/fr\/wp-json\/wp\/v2\/pages\/20781\/revisions\/22909"}],"wp:attachment":[{"href":"https:\/\/kamae-conseil.com\/fr\/wp-json\/wp\/v2\/media?parent=20781"}],"curies":[{"name":"wp","href":"https:\/\/api.w.org\/{rel}","templated":true}]}}