{"id":20307,"date":"2014-11-26T10:14:14","date_gmt":"2014-11-26T10:14:14","guid":{"rendered":"http:\/\/bpd.com.np\/wp\/kc\/fr\/?page_id=20307"},"modified":"2024-07-10T12:02:12","modified_gmt":"2024-07-10T10:02:12","slug":"contact-kamae-conseil","status":"publish","type":"page","link":"https:\/\/kamae-conseil.com\/fr\/contact-kamae-conseil\/","title":{"rendered":"Contactez-nous"},"content":{"rendered":"<div class=\"wpb-content-wrapper\"><p>[vc_row row_type=\u00a0\u00bbrow\u00a0\u00bb type=\u00a0\u00bbfull_width\u00a0\u00bb text_align=\u00a0\u00bbleft\u00a0\u00bb css_animation=\u00a0\u00bb\u00a0\u00bb el_class=\u00a0\u00bbsecond-append\u00a0\u00bb][vc_column][vc_empty_space][vc_row_inner row_type=\u00a0\u00bbrow\u00a0\u00bb type=\u00a0\u00bbfull_width\u00a0\u00bb text_align=\u00a0\u00bbleft\u00a0\u00bb css_animation=\u00a0\u00bb\u00a0\u00bb][vc_column_inner el_class=\u00a0\u00bbkc-first-address\u00a0\u00bb width=\u00a0\u00bb1\/2&Prime;][vc_empty_space height=\u00a0\u00bb50px\u00a0\u00bb][vc_separator type=\u00a0\u00bbtransparent\u00a0\u00bb up=\u00a0\u00bb20&Prime; down=\u00a0\u00bb0&Prime;]<div class='q_icon_with_title  normal_icon left_from_title'><div class=\"icon_text_holder\" style=\"\"><div class=\"icon_text_inner\" style=\"\"><div class=\"icon_title_holder\"><div class=\"icon_holder \" style=\" \"><span class=\"q_font_elegant_holder icon_with_text_class normal \" style=\"font-size: 20px;\" ><span class=\"q_font_elegant_icon icon_pin_alt\" aria-hidden=\"true\"><\/span><\/span><\/div><h2 class=\"icon_title\" style=\"\">7 Rue Cast\u00e9ja 92100Boulogne-billancourtFrance<\/h2><\/div><p style=''><\/p><\/div><\/div><\/div><div class='q_icon_with_title  normal_icon left_from_title'><div class=\"icon_text_holder\" style=\"\"><div class=\"icon_text_inner\" style=\"\"><div class=\"icon_title_holder\"><div class=\"icon_holder \" style=\" \"><span class=\"q_font_elegant_holder icon_with_text_class normal \" style=\"font-size: 20px;\" ><span class=\"q_font_elegant_icon icon_phone\" aria-hidden=\"true\"><\/span><\/span><\/div><h4 class=\"icon_title\" style=\"\">+33 1 70 28 88 14<br \/>\n+33 6 60 69 91 71<\/h4><\/div><p style=''><\/p><\/div><\/div><\/div><div class='q_icon_with_title  normal_icon left_from_title'><div class=\"icon_text_holder\" style=\"\"><div class=\"icon_text_inner\" style=\"\"><div class=\"icon_title_holder\"><div class=\"icon_holder \" style=\" \"><span class=\"q_font_elegant_holder icon_with_text_class normal \" style=\"font-size: 20px;\" ><span class=\"q_font_elegant_icon icon_mail\" aria-hidden=\"true\"><\/span><\/span><\/div><h4 class=\"icon_title\" style=\"\">info@kamae-conseil.com <\/h4><\/div><p style=''><\/p><\/div><\/div><\/div><div class='q_icon_with_title  normal_icon left_from_title'><div class=\"icon_text_holder\" style=\"\"><div class=\"icon_text_inner\" style=\"\"><div class=\"icon_title_holder\"><div class=\"icon_holder \" style=\" \"><span class=\"q_font_elegant_holder icon_with_text_class normal \" style=\"font-size: 20px;\" ><span class=\"q_font_elegant_icon icon_mail\" aria-hidden=\"true\"><\/span><\/span><\/div><h4 class=\"icon_title\" style=\"\">ludovic.kosloff-treister@kamae-conseil.com<\/h4><\/div><p style=''><\/p><\/div><\/div><\/div><div class='q_icon_with_title tiny normal_icon left_from_title'><div class=\"icon_text_holder\" style=\"\"><div class=\"icon_text_inner\" style=\"\"><div class=\"icon_title_holder\"><div class=\"icon_holder \" style=\" \"><span style=\"\" class=\"q_font_awsome_icon icon_with_text_class fa-lg \" ><i class=\"fa fa-linkedin\"><\/i><\/span><\/div><h5 class=\"icon_title\" style=\"\"><\/h5><\/div><p style=''><\/p><a class='icon_with_title_link' href='https:\/\/www.linkedin.com\/company\/kamae-conseil\/' target='_blank' style=''>www.linkedin.com\/company\/kamae-conseil<\/a><\/div><\/div><\/div>[\/vc_column_inner][vc_column_inner width=\u00a0\u00bb1\/2&Prime;][vc_gmaps link=\u00a0\u00bb#E-8_JTNDaWZyYW1lJTIwc3JjJTNEJTIyaHR0cHMlM0ElMkYlMkZ3d3cuZ29vZ2xlLmNvbSUyRm1hcHMlMkZlbWJlZCUzRnBiJTNEJTIxMW0xOCUyMTFtMTIlMjExbTMlMjExZDEwNTA1LjgxODAxNzY0MDExMyUyMTJkMi4yMjcwODQwNjkyMTUxMTQlMjEzZDQ4LjgzMDQ2ODY4MzkwNzU1NCUyMTJtMyUyMTFmMCUyMTJmMCUyMTNmMCUyMTNtMiUyMTFpMTAyNCUyMTJpNzY4JTIxNGYxMy4xJTIxM20zJTIxMW0yJTIxMXMweDQ3ZTY3YWU0ZjQ0ZmZmZmYlMjUzQTB4M2UwNWRlZGNmMzRlODdiYSUyMTJzS2FtYWUlMjUyMENvbnNlaWwlMjE1ZTAlMjEzbTIlMjExc2ZyJTIxMnN0biUyMTR2MTcyMDUzOTAwMzQzNyUyMTVtMiUyMTFzZnIlMjEyc3RuJTIyJTIwd2lkdGglM0QlMjIxMjAwJTIyJTIwaGVpZ2h0JTNEJTIyNDUwJTIyJTIwc3R5bGUlM0QlMjJib3JkZXIlM0EwJTNCJTIyJTIwYWxsb3dmdWxsc2NyZWVuJTNEJTIyJTIyJTIwbG9hZGluZyUzRCUyMmxhenklMjIlMjByZWZlcnJlcnBvbGljeSUzRCUyMm5vLXJlZmVycmVyLXdoZW4tZG93bmdyYWRlJTIyJTNFJTNDJTJGaWZyYW1lJTNF\u00a0\u00bb css=\u00a0\u00bb\u00a0\u00bb][\/vc_column_inner][\/vc_row_inner][vc_row_inner row_type=\u00a0\u00bbrow\u00a0\u00bb type=\u00a0\u00bbfull_width\u00a0\u00bb text_align=\u00a0\u00bbleft\u00a0\u00bb css_animation=\u00a0\u00bb\u00a0\u00bb el_class=\u00a0\u00bbcontact-linkedin-icon-text\u00a0\u00bb][vc_column_inner][vc_empty_space height=\u00a0\u00bb50px\u00a0\u00bb][vc_separator type=\u00a0\u00bbtransparent\u00a0\u00bb up=\u00a0\u00bb20&Prime; down=\u00a0\u00bb0&Prime;][\/vc_column_inner][\/vc_row_inner][vc_empty_space height=\u00a0\u00bb50px\u00a0\u00bb][\/vc_column][vc_column][\/vc_column][vc_column][\/vc_column][\/vc_row][vc_row row_type=\u00a0\u00bbrow\u00a0\u00bb type=\u00a0\u00bbfull_width\u00a0\u00bb text_align=\u00a0\u00bbleft\u00a0\u00bb css_animation=\u00a0\u00bb\u00a0\u00bb][vc_column]\n<div class=\"wpcf7 no-js\" id=\"wpcf7-f20972-o1\" lang=\"en-US\" dir=\"ltr\" data-wpcf7-id=\"20972\">\n<div class=\"screen-reader-response\"><p role=\"status\" aria-live=\"polite\" aria-atomic=\"true\"><\/p> <ul><\/ul><\/div>\n<form action=\"\/fr\/wp-json\/wp\/v2\/pages\/20307#wpcf7-f20972-o1\" method=\"post\" class=\"wpcf7-form init\" aria-label=\"Contact form\" novalidate=\"novalidate\" data-status=\"init\">\n<fieldset class=\"hidden-fields-container\"><input type=\"hidden\" name=\"_wpcf7\" value=\"20972\" \/><input type=\"hidden\" name=\"_wpcf7_version\" value=\"6.1.1\" \/><input type=\"hidden\" name=\"_wpcf7_locale\" value=\"en_US\" \/><input type=\"hidden\" name=\"_wpcf7_unit_tag\" value=\"wpcf7-f20972-o1\" \/><input type=\"hidden\" name=\"_wpcf7_container_post\" value=\"0\" \/><input type=\"hidden\" name=\"_wpcf7_posted_data_hash\" value=\"\" \/><input type=\"hidden\" name=\"_wpcf7_recaptcha_response\" value=\"\" \/>\n<\/fieldset>\n<div class=\"contact_form\">\n\t<h5>Contactez-nous\n\t<\/h5>\n\t<div class=\"three_columns clearfix\">\n\t\t<div class=\"column1\">\n\t\t\t<div class=\"column_inner\">\n\t\t\t\t<p><span class=\"wpcf7-form-control-wrap\" data-name=\"text-903\"><input size=\"40\" maxlength=\"400\" class=\"wpcf7-form-control wpcf7-text wpcf7-validates-as-required\" aria-required=\"true\" aria-invalid=\"false\" placeholder=\"Soci\u00e9t\u00e9*\" value=\"\" type=\"text\" name=\"text-903\" \/><\/span>\n\t\t\t\t<\/p>\n\t\t\t<\/div>\n\t\t<\/div>\n\t\t<div class=\"column2\">\n\t\t\t<div class=\"column_inner\">\n\t\t\t\t<p><span class=\"wpcf7-form-control-wrap\" data-name=\"text-619\"><input size=\"40\" maxlength=\"400\" class=\"wpcf7-form-control wpcf7-text wpcf7-validates-as-required\" aria-required=\"true\" aria-invalid=\"false\" placeholder=\"Pr\u00e9nom &amp; Nom*\" value=\"\" type=\"text\" name=\"text-619\" \/><\/span>\n\t\t\t\t<\/p>\n\t\t\t<\/div>\n\t\t<\/div>\n\t\t<div class=\"column3\">\n\t\t\t<div class=\"column_inner\">\n\t\t\t\t<p><span class=\"wpcf7-form-control-wrap\" data-name=\"text-76\"><input size=\"40\" maxlength=\"400\" class=\"wpcf7-form-control wpcf7-text wpcf7-validates-as-required\" aria-required=\"true\" aria-invalid=\"false\" placeholder=\"Fonction*\" value=\"\" type=\"text\" name=\"text-76\" \/><\/span>\n\t\t\t\t<\/p>\n\t\t\t<\/div>\n\t\t<\/div>\n\t<\/div>\n\t<div class=\"three_columns clearfix\">\n\t\t<div class=\"column1\">\n\t\t\t<div class=\"column_inner\">\n\t\t\t\t<p><span class=\"wpcf7-form-control-wrap\" data-name=\"text-445\"><input size=\"40\" maxlength=\"400\" class=\"wpcf7-form-control wpcf7-text wpcf7-validates-as-required\" aria-required=\"true\" aria-invalid=\"false\" placeholder=\"Adresse*\" value=\"\" type=\"text\" name=\"text-445\" \/><\/span>\n\t\t\t\t<\/p>\n\t\t\t<\/div>\n\t\t<\/div>\n\t\t<div class=\"column2\">\n\t\t\t<div class=\"column_inner\">\n\t\t\t\t<p><span class=\"wpcf7-form-control-wrap\" data-name=\"text-197\"><input size=\"40\" maxlength=\"400\" class=\"wpcf7-form-control wpcf7-text wpcf7-validates-as-required\" aria-required=\"true\" aria-invalid=\"false\" placeholder=\"T\u00e9l\u00e9phone*\" value=\"\" type=\"text\" name=\"text-197\" \/><\/span>\n\t\t\t\t<\/p>\n\t\t\t<\/div>\n\t\t<\/div>\n\t\t<div class=\"column3\">\n\t\t\t<div class=\"column_inner\">\n\t\t\t\t<p><span class=\"wpcf7-form-control-wrap\" data-name=\"email-748\"><input size=\"40\" maxlength=\"400\" class=\"wpcf7-form-control wpcf7-email wpcf7-validates-as-required wpcf7-text wpcf7-validates-as-email\" aria-required=\"true\" aria-invalid=\"false\" placeholder=\"Email*\" value=\"\" type=\"email\" name=\"email-748\" \/><\/span>\n\t\t\t\t<\/p>\n\t\t\t<\/div>\n\t\t<\/div>\n\t<\/div>\n\t<p><span class=\"wpcf7-form-control-wrap\" data-name=\"textarea-963\"><textarea cols=\"40\" rows=\"10\" maxlength=\"2000\" class=\"wpcf7-form-control wpcf7-textarea wpcf7-validates-as-required\" aria-required=\"true\" aria-invalid=\"false\" placeholder=\"Votre message*\" name=\"textarea-963\"><\/textarea><\/span>\n\t<\/p>\n\t<p><input class=\"wpcf7-form-control wpcf7-submit has-spinner\" type=\"submit\" value=\"Envoyer\" \/>\n\t<\/p>\n<\/div><div class=\"wpcf7-response-output\" aria-hidden=\"true\"><\/div>\n<\/form>\n<\/div>\n[\/vc_column][\/vc_row][vc_row row_type=\u00a0\u00bbrow\u00a0\u00bb type=\u00a0\u00bbfull_width\u00a0\u00bb text_align=\u00a0\u00bbleft\u00a0\u00bb css_animation=\u00a0\u00bb\u00a0\u00bb][vc_column][vc_column_text]*mentions obligatoires<br \/>\nConform\u00e9ment \u00e0 la loi \u00ab\u00a0Informatique et libert\u00e9\u00a0\u00bb du 6 janvier 1978 modifi\u00e9e, vous disposez d&rsquo;un droit d&rsquo;acc\u00e8s aux donn\u00e9es vous concernant, ainsi qu&rsquo;un droit de rectification de ces m\u00eames donn\u00e9es. Pour l&rsquo;exercer, merci d&rsquo;utiliser le formulaire \u00ab\u00a0contactez-nous\u00a0\u00bb en pr\u00e9cisant dans votre message les donn\u00e9es que vous souhaitez consulter et\/ou rectifier[\/vc_column_text][vc_separator type=\u00a0\u00bbtransparent\u00a0\u00bb][\/vc_column][\/vc_row]<\/p>\n<\/div>","protected":false},"excerpt":{"rendered":"<p>[vc_row row_type=\u00a0\u00bbrow\u00a0\u00bb type=\u00a0\u00bbfull_width\u00a0\u00bb text_align=\u00a0\u00bbleft\u00a0\u00bb css_animation=\u00a0\u00bb\u00a0\u00bb el_class=\u00a0\u00bbsecond-append\u00a0\u00bb][vc_column][vc_empty_space][vc_row_inner row_type=\u00a0\u00bbrow\u00a0\u00bb type=\u00a0\u00bbfull_width\u00a0\u00bb text_align=\u00a0\u00bbleft\u00a0\u00bb css_animation=\u00a0\u00bb\u00a0\u00bb][vc_column_inner el_class=\u00a0\u00bbkc-first-address\u00a0\u00bb width=\u00a0\u00bb1\/2&Prime;][vc_empty_space height=\u00a0\u00bb50px\u00a0\u00bb][vc_separator type=\u00a0\u00bbtransparent\u00a0\u00bb up=\u00a0\u00bb20&Prime; down=\u00a0\u00bb0&Prime;][\/vc_column_inner][vc_column_inner width=\u00a0\u00bb1\/2&Prime;][vc_gmaps link=\u00a0\u00bb#E-8_JTNDaWZyYW1lJTIwc3JjJTNEJTIyaHR0cHMlM0ElMkYlMkZ3d3cuZ29vZ2xlLmNvbSUyRm1hcHMlMkZlbWJlZCUzRnBiJTNEJTIxMW0xOCUyMTFtMTIlMjExbTMlMjExZDEwNTA1LjgxODAxNzY0MDExMyUyMTJkMi4yMjcwODQwNjkyMTUxMTQlMjEzZDQ4LjgzMDQ2ODY4MzkwNzU1NCUyMTJtMyUyMTFmMCUyMTJmMCUyMTNmMCUyMTNtMiUyMTFpMTAyNCUyMTJpNzY4JTIxNGYxMy4xJTIxM20zJTIxMW0yJTIxMXMweDQ3ZTY3YWU0ZjQ0ZmZmZmYlMjUzQTB4M2UwNWRlZGNmMzRlODdiYSUyMTJzS2FtYWUlMjUyMENvbnNlaWwlMjE1ZTAlMjEzbTIlMjExc2ZyJTIxMnN0biUyMTR2MTcyMDUzOTAwMzQzNyUyMTVtMiUyMTFzZnIlMjEyc3RuJTIyJTIwd2lkdGglM0QlMjIxMjAwJTIyJTIwaGVpZ2h0JTNEJTIyNDUwJTIyJTIwc3R5bGUlM0QlMjJib3JkZXIlM0EwJTNCJTIyJTIwYWxsb3dmdWxsc2NyZWVuJTNEJTIyJTIyJTIwbG9hZGluZyUzRCUyMmxhenklMjIlMjByZWZlcnJlcnBvbGljeSUzRCUyMm5vLXJlZmVycmVyLXdoZW4tZG93bmdyYWRlJTIyJTNFJTNDJTJGaWZyYW1lJTNF\u00a0\u00bb&#8230;<\/p>\n","protected":false},"author":1,"featured_media":0,"parent":0,"menu_order":0,"comment_status":"open","ping_status":"closed","template":"contact-page.php","meta":{"om_disable_all_campaigns":false,"footnotes":""},"class_list":["post-20307","page","type-page","status-publish","hentry"],"yoast_head":"<!-- This site is optimized with the Yoast SEO plugin v26.0 - https:\/\/yoast.com\/wordpress\/plugins\/seo\/ -->\n<title>Contactez-nous - Kamae Conseil<\/title>\n<meta name=\"robots\" content=\"index, follow, max-snippet:-1, max-image-preview:large, max-video-preview:-1\" \/>\n<link rel=\"canonical\" href=\"https:\/\/kamae-conseil.com\/fr\/contact-kamae-conseil\/\" \/>\n<meta property=\"og:locale\" content=\"fr_FR\" \/>\n<meta property=\"og:type\" content=\"article\" \/>\n<meta property=\"og:title\" content=\"Contactez-nous - Kamae Conseil\" \/>\n<meta property=\"og:description\" content=\"[vc_row row_type=\u00a0\u00bbrow\u00a0\u00bb type=\u00a0\u00bbfull_width\u00a0\u00bb text_align=\u00a0\u00bbleft\u00a0\u00bb css_animation=\u00a0\u00bb\u00a0\u00bb el_class=\u00a0\u00bbsecond-append\u00a0\u00bb][vc_column][vc_empty_space][vc_row_inner row_type=\u00a0\u00bbrow\u00a0\u00bb type=\u00a0\u00bbfull_width\u00a0\u00bb text_align=\u00a0\u00bbleft\u00a0\u00bb css_animation=\u00a0\u00bb\u00a0\u00bb][vc_column_inner el_class=\u00a0\u00bbkc-first-address\u00a0\u00bb width=\u00a0\u00bb1\/2&Prime;][vc_empty_space height=\u00a0\u00bb50px\u00a0\u00bb][vc_separator type=\u00a0\u00bbtransparent\u00a0\u00bb up=\u00a0\u00bb20&Prime; down=\u00a0\u00bb0&Prime;][\/vc_column_inner][vc_column_inner width=\u00a0\u00bb1\/2&Prime;][vc_gmaps link=\u00a0\u00bb#E-8_JTNDaWZyYW1lJTIwc3JjJTNEJTIyaHR0cHMlM0ElMkYlMkZ3d3cuZ29vZ2xlLmNvbSUyRm1hcHMlMkZlbWJlZCUzRnBiJTNEJTIxMW0xOCUyMTFtMTIlMjExbTMlMjExZDEwNTA1LjgxODAxNzY0MDExMyUyMTJkMi4yMjcwODQwNjkyMTUxMTQlMjEzZDQ4LjgzMDQ2ODY4MzkwNzU1NCUyMTJtMyUyMTFmMCUyMTJmMCUyMTNmMCUyMTNtMiUyMTFpMTAyNCUyMTJpNzY4JTIxNGYxMy4xJTIxM20zJTIxMW0yJTIxMXMweDQ3ZTY3YWU0ZjQ0ZmZmZmYlMjUzQTB4M2UwNWRlZGNmMzRlODdiYSUyMTJzS2FtYWUlMjUyMENvbnNlaWwlMjE1ZTAlMjEzbTIlMjExc2ZyJTIxMnN0biUyMTR2MTcyMDUzOTAwMzQzNyUyMTVtMiUyMTFzZnIlMjEyc3RuJTIyJTIwd2lkdGglM0QlMjIxMjAwJTIyJTIwaGVpZ2h0JTNEJTIyNDUwJTIyJTIwc3R5bGUlM0QlMjJib3JkZXIlM0EwJTNCJTIyJTIwYWxsb3dmdWxsc2NyZWVuJTNEJTIyJTIyJTIwbG9hZGluZyUzRCUyMmxhenklMjIlMjByZWZlcnJlcnBvbGljeSUzRCUyMm5vLXJlZmVycmVyLXdoZW4tZG93bmdyYWRlJTIyJTNFJTNDJTJGaWZyYW1lJTNF\u00a0\u00bb...\" \/>\n<meta property=\"og:url\" content=\"https:\/\/kamae-conseil.com\/fr\/contact-kamae-conseil\/\" \/>\n<meta property=\"og:site_name\" content=\"Kamae Conseil\" \/>\n<meta property=\"article:modified_time\" content=\"2024-07-10T10:02:12+00:00\" \/>\n<meta name=\"twitter:label1\" content=\"Dur\u00e9e de lecture estim\u00e9e\" \/>\n\t<meta name=\"twitter:data1\" content=\"1 minute\" \/>\n<script type=\"application\/ld+json\" class=\"yoast-schema-graph\">{\"@context\":\"https:\/\/schema.org\",\"@graph\":[{\"@type\":\"WebPage\",\"@id\":\"https:\/\/kamae-conseil.com\/fr\/contact-kamae-conseil\/\",\"url\":\"https:\/\/kamae-conseil.com\/fr\/contact-kamae-conseil\/\",\"name\":\"Contactez-nous - Kamae Conseil\",\"isPartOf\":{\"@id\":\"https:\/\/kamae-conseil.com\/fr\/#website\"},\"datePublished\":\"2014-11-26T10:14:14+00:00\",\"dateModified\":\"2024-07-10T10:02:12+00:00\",\"breadcrumb\":{\"@id\":\"https:\/\/kamae-conseil.com\/fr\/contact-kamae-conseil\/#breadcrumb\"},\"inLanguage\":\"fr-FR\",\"potentialAction\":[{\"@type\":\"ReadAction\",\"target\":[\"https:\/\/kamae-conseil.com\/fr\/contact-kamae-conseil\/\"]}]},{\"@type\":\"BreadcrumbList\",\"@id\":\"https:\/\/kamae-conseil.com\/fr\/contact-kamae-conseil\/#breadcrumb\",\"itemListElement\":[{\"@type\":\"ListItem\",\"position\":1,\"name\":\"Home\",\"item\":\"https:\/\/kamae-conseil.com\/fr\/\"},{\"@type\":\"ListItem\",\"position\":2,\"name\":\"Contactez-nous\"}]},{\"@type\":\"WebSite\",\"@id\":\"https:\/\/kamae-conseil.com\/fr\/#website\",\"url\":\"https:\/\/kamae-conseil.com\/fr\/\",\"name\":\"Kamae Conseil\",\"description\":\"\",\"potentialAction\":[{\"@type\":\"SearchAction\",\"target\":{\"@type\":\"EntryPoint\",\"urlTemplate\":\"https:\/\/kamae-conseil.com\/fr\/?s={search_term_string}\"},\"query-input\":{\"@type\":\"PropertyValueSpecification\",\"valueRequired\":true,\"valueName\":\"search_term_string\"}}],\"inLanguage\":\"fr-FR\"}]}<\/script>\n<!-- \/ Yoast SEO plugin. -->","yoast_head_json":{"title":"Contactez-nous - Kamae Conseil","robots":{"index":"index","follow":"follow","max-snippet":"max-snippet:-1","max-image-preview":"max-image-preview:large","max-video-preview":"max-video-preview:-1"},"canonical":"https:\/\/kamae-conseil.com\/fr\/contact-kamae-conseil\/","og_locale":"fr_FR","og_type":"article","og_title":"Contactez-nous - Kamae Conseil","og_description":"[vc_row row_type=\u00a0\u00bbrow\u00a0\u00bb type=\u00a0\u00bbfull_width\u00a0\u00bb text_align=\u00a0\u00bbleft\u00a0\u00bb css_animation=\u00a0\u00bb\u00a0\u00bb el_class=\u00a0\u00bbsecond-append\u00a0\u00bb][vc_column][vc_empty_space][vc_row_inner row_type=\u00a0\u00bbrow\u00a0\u00bb type=\u00a0\u00bbfull_width\u00a0\u00bb text_align=\u00a0\u00bbleft\u00a0\u00bb css_animation=\u00a0\u00bb\u00a0\u00bb][vc_column_inner el_class=\u00a0\u00bbkc-first-address\u00a0\u00bb width=\u00a0\u00bb1\/2&Prime;][vc_empty_space height=\u00a0\u00bb50px\u00a0\u00bb][vc_separator type=\u00a0\u00bbtransparent\u00a0\u00bb up=\u00a0\u00bb20&Prime; down=\u00a0\u00bb0&Prime;][\/vc_column_inner][vc_column_inner width=\u00a0\u00bb1\/2&Prime;][vc_gmaps link=\u00a0\u00bb#E-8_JTNDaWZyYW1lJTIwc3JjJTNEJTIyaHR0cHMlM0ElMkYlMkZ3d3cuZ29vZ2xlLmNvbSUyRm1hcHMlMkZlbWJlZCUzRnBiJTNEJTIxMW0xOCUyMTFtMTIlMjExbTMlMjExZDEwNTA1LjgxODAxNzY0MDExMyUyMTJkMi4yMjcwODQwNjkyMTUxMTQlMjEzZDQ4LjgzMDQ2ODY4MzkwNzU1NCUyMTJtMyUyMTFmMCUyMTJmMCUyMTNmMCUyMTNtMiUyMTFpMTAyNCUyMTJpNzY4JTIxNGYxMy4xJTIxM20zJTIxMW0yJTIxMXMweDQ3ZTY3YWU0ZjQ0ZmZmZmYlMjUzQTB4M2UwNWRlZGNmMzRlODdiYSUyMTJzS2FtYWUlMjUyMENvbnNlaWwlMjE1ZTAlMjEzbTIlMjExc2ZyJTIxMnN0biUyMTR2MTcyMDUzOTAwMzQzNyUyMTVtMiUyMTFzZnIlMjEyc3RuJTIyJTIwd2lkdGglM0QlMjIxMjAwJTIyJTIwaGVpZ2h0JTNEJTIyNDUwJTIyJTIwc3R5bGUlM0QlMjJib3JkZXIlM0EwJTNCJTIyJTIwYWxsb3dmdWxsc2NyZWVuJTNEJTIyJTIyJTIwbG9hZGluZyUzRCUyMmxhenklMjIlMjByZWZlcnJlcnBvbGljeSUzRCUyMm5vLXJlZmVycmVyLXdoZW4tZG93bmdyYWRlJTIyJTNFJTNDJTJGaWZyYW1lJTNF\u00a0\u00bb...","og_url":"https:\/\/kamae-conseil.com\/fr\/contact-kamae-conseil\/","og_site_name":"Kamae Conseil","article_modified_time":"2024-07-10T10:02:12+00:00","twitter_misc":{"Dur\u00e9e de lecture estim\u00e9e":"1 minute"},"schema":{"@context":"https:\/\/schema.org","@graph":[{"@type":"WebPage","@id":"https:\/\/kamae-conseil.com\/fr\/contact-kamae-conseil\/","url":"https:\/\/kamae-conseil.com\/fr\/contact-kamae-conseil\/","name":"Contactez-nous - Kamae Conseil","isPartOf":{"@id":"https:\/\/kamae-conseil.com\/fr\/#website"},"datePublished":"2014-11-26T10:14:14+00:00","dateModified":"2024-07-10T10:02:12+00:00","breadcrumb":{"@id":"https:\/\/kamae-conseil.com\/fr\/contact-kamae-conseil\/#breadcrumb"},"inLanguage":"fr-FR","potentialAction":[{"@type":"ReadAction","target":["https:\/\/kamae-conseil.com\/fr\/contact-kamae-conseil\/"]}]},{"@type":"BreadcrumbList","@id":"https:\/\/kamae-conseil.com\/fr\/contact-kamae-conseil\/#breadcrumb","itemListElement":[{"@type":"ListItem","position":1,"name":"Home","item":"https:\/\/kamae-conseil.com\/fr\/"},{"@type":"ListItem","position":2,"name":"Contactez-nous"}]},{"@type":"WebSite","@id":"https:\/\/kamae-conseil.com\/fr\/#website","url":"https:\/\/kamae-conseil.com\/fr\/","name":"Kamae Conseil","description":"","potentialAction":[{"@type":"SearchAction","target":{"@type":"EntryPoint","urlTemplate":"https:\/\/kamae-conseil.com\/fr\/?s={search_term_string}"},"query-input":{"@type":"PropertyValueSpecification","valueRequired":true,"valueName":"search_term_string"}}],"inLanguage":"fr-FR"}]}},"_links":{"self":[{"href":"https:\/\/kamae-conseil.com\/fr\/wp-json\/wp\/v2\/pages\/20307","targetHints":{"allow":["GET"]}}],"collection":[{"href":"https:\/\/kamae-conseil.com\/fr\/wp-json\/wp\/v2\/pages"}],"about":[{"href":"https:\/\/kamae-conseil.com\/fr\/wp-json\/wp\/v2\/types\/page"}],"author":[{"embeddable":true,"href":"https:\/\/kamae-conseil.com\/fr\/wp-json\/wp\/v2\/users\/1"}],"replies":[{"embeddable":true,"href":"https:\/\/kamae-conseil.com\/fr\/wp-json\/wp\/v2\/comments?post=20307"}],"version-history":[{"count":25,"href":"https:\/\/kamae-conseil.com\/fr\/wp-json\/wp\/v2\/pages\/20307\/revisions"}],"predecessor-version":[{"id":22497,"href":"https:\/\/kamae-conseil.com\/fr\/wp-json\/wp\/v2\/pages\/20307\/revisions\/22497"}],"wp:attachment":[{"href":"https:\/\/kamae-conseil.com\/fr\/wp-json\/wp\/v2\/media?parent=20307"}],"curies":[{"name":"wp","href":"https:\/\/api.w.org\/{rel}","templated":true}]}}