{"id":20120,"date":"2014-11-11T06:00:06","date_gmt":"2014-11-11T05:00:06","guid":{"rendered":"http:\/\/bpd.com.np\/wp\/kc\/fr\/?page_id=20120"},"modified":"2024-07-02T18:23:27","modified_gmt":"2024-07-02T16:23:27","slug":"kamae-conseil","status":"publish","type":"page","link":"https:\/\/kamae-conseil.com\/fr\/","title":{"rendered":"Accueil"},"content":{"rendered":"<div class=\"wpb-content-wrapper\"><p>[vc_row row_type=\u00a0\u00bbrow\u00a0\u00bb type=\u00a0\u00bbgrid\u00a0\u00bb anchor=\u00a0\u00bbqui\u00a0\u00bb text_align=\u00a0\u00bbleft\u00a0\u00bb pattern_background=\u00a0\u00bbpattern_background\u00a0\u00bb css_animation=\u00a0\u00bb\u00a0\u00bb][vc_column][vc_raw_html]JTNDYSUyMGlkJTNEJTIycXVpJTIyJTIwY2xhc3MlM0QlMjJvbiUyMGhpZGRlbiUyMiUzRSUwQSUwOSUwOSUwOSUzQ3NwYW4lMjBjbGFzcyUzRCUyMmZhLXN0YWNrJTIyJTNFJTBBJTA5JTA5JTA5JTA5JTNDaSUyMHN0eWxlJTNEJTIyJTIyJTIwY2xhc3MlM0QlMjJmYSUyMGZhLWFuZ2xlLXVwJTIwJTIyJTNFJTNDJTJGaSUzRSUwQSUwOSUwOSUwOSUzQyUyRnNwYW4lM0UlMEElMDklMDklM0MlMkZhJTNF[\/vc_raw_html][vc_separator type=\u00a0\u00bbtransparent\u00a0\u00bb thickness=\u00a0\u00bb10&Prime;]<div class=\"custom_font_holder\" style=\" font-size: 40px; line-height: 30px; font-style: normal; color: #631a45; text-decoration: none; letter-spacing: 3px; text-align: center;\">BIENVENUE<\/div>[vc_separator type=\u00a0\u00bbtransparent\u00a0\u00bb thickness=\u00a0\u00bb30&Prime;][\/vc_column][vc_column][vc_row_inner row_type=\u00a0\u00bbrow\u00a0\u00bb type=\u00a0\u00bbfull_width\u00a0\u00bb text_align=\u00a0\u00bbleft\u00a0\u00bb css_animation=\u00a0\u00bb\u00a0\u00bb][vc_column_inner width=\u00a0\u00bb1\/2&Prime;][vc_column_text]<\/p>\n<p class=\"p1\" style=\"text-align: justify;\"><span class=\"s1\">Parce que nous participons activement au d\u00e9veloppement de la premi\u00e8re richesse de votre organisation \u2013 son capital humain -, notre r\u00f4le de \u00ab\u00a0partenaire RH\u00a0\u00bb est de vous proposer et d\u00e9ployer \u00e0 vos c\u00f4t\u00e9s les dispositifs qui s\u2019harmoniseront le mieux \u00e0 vos \u00e9quipes, votre culture, votre contexte, votre objectif\u2026 et l\u2019objectif de votre objectif.<\/span><\/p>\n<p>[\/vc_column_text][\/vc_column_inner][vc_column_inner width=\u00a0\u00bb1\/2&Prime;][vc_column_text]<\/p>\n<p class=\"p1\" style=\"text-align: justify;\"><span class=\"s1\">Paris, New York, Moscou, Tokyo, Sydney, Shanghai ou Duba\u00ef\u2026 O\u00f9 que vous soyez, notre mission est \u00e0 la fois simple et ambitieuse : servir votre d\u00e9veloppement local et international en accompagnant vos \u00e9quipes vers la ma\u00eetrise d\u2019une v\u00e9ritable <b>efficacit\u00e9 relationnelle et professionnelle.<br \/>\n<\/b><\/span>Excellente visite.<\/p>\n<h6 style=\"text-align: justify;\"><strong>Ludovic Kosloff-Treister<\/strong><\/h6>\n<p>[\/vc_column_text][\/vc_column_inner][\/vc_row_inner][vc_empty_space height=\u00a0\u00bb80px\u00a0\u00bb][\/vc_column][\/vc_row][vc_row row_type=\u00a0\u00bbrow\u00a0\u00bb type=\u00a0\u00bbfull_width\u00a0\u00bb text_align=\u00a0\u00bbleft\u00a0\u00bb background_image=\u00a0\u00bb23054&Prime; pattern_background=\u00a0\u00bbpattern_background\u00a0\u00bb background_color=\u00a0\u00bbrgba(228,225,218,0.53)\u00a0\u00bb padding_top=\u00a0\u00bb100&Prime; padding_bottom=\u00a0\u00bb90&Prime; css_animation=\u00a0\u00bb\u00a0\u00bb][vc_column]<div class=\"custom_font_holder\" style=\" font-size: 40px; line-height: 30px; font-style: normal; color: #631a45; text-decoration: none; letter-spacing: 3px; text-align: center;\">CHIFFRES ET INDICATEURS CL\u00c9S<\/div>[vc_row_inner row_type=\u00a0\u00bbrow\u00a0\u00bb type=\u00a0\u00bbgrid\u00a0\u00bb text_align=\u00a0\u00bbleft\u00a0\u00bb padding_top=\u00a0\u00bb90&Prime; css_animation=\u00a0\u00bb\u00a0\u00bb][vc_column_inner width=\u00a0\u00bb1\/3&Prime;]<div class=\"q_counter_holder  center\" style=\"\"><div class=\"q_counter_inner\"><span class=\"counter  random\" data-active_color=\"#ffffff\" style=\"color: #ffffff;font-size: 70px;\">16<\/span><\/div><h5 style=\"color: #363636\">ann\u00e9es d\u2019exp\u00e9rience en d\u00e9veloppement des Ressources Humaines<\/h5><\/div>[\/vc_column_inner][vc_column_inner width=\u00a0\u00bb1\/3&Prime;]<div class=\"q_counter_holder  center\" style=\"\"><div class=\"q_counter_inner\"><span class=\"counter  random\" data-active_color=\"#ffffff\" style=\"color: #ffffff;font-size: 70px;\">9 251<\/span><\/div><h5 style=\"color: #363636\">personnes form\u00e9es ou accompagn\u00e9es*<\/h5><\/div>[\/vc_column_inner][vc_column_inner width=\u00a0\u00bb1\/3&Prime;]<div class=\"q_counter_holder  center\" style=\"\"><div class=\"q_counter_inner\"><span class=\"counter  random\" data-active_color=\"#ffffff\" style=\"color: #ffffff;font-size: 70px;\">27 500<\/span><\/div><h5 style=\"color: #363636\">heures de prestations dispens\u00e9es*<\/h5><\/div>[\/vc_column_inner][\/vc_row_inner][vc_row_inner row_type=\u00a0\u00bbrow\u00a0\u00bb type=\u00a0\u00bbgrid\u00a0\u00bb text_align=\u00a0\u00bbleft\u00a0\u00bb padding_top=\u00a0\u00bb90&Prime; css_animation=\u00a0\u00bb\u00a0\u00bb][vc_column_inner width=\u00a0\u00bb1\/3&Prime;]<div class=\"q_counter_holder  center\" style=\"\"><div class=\"q_counter_inner\"><span class=\"counter  random\" data-active_color=\"#ffffff\" style=\"color: #ffffff;font-size: 70px;\">1 795 238<\/span><\/div><h5 style=\"color: #363636\">km parcourus pour aller \u00e0 votre rencontre*<\/h5><\/div>[\/vc_column_inner][vc_column_inner width=\u00a0\u00bb1\/3&Prime;]<div class=\"q_counter_holder  center\" style=\"\"><div class=\"q_counter_inner\"><span class=\"counter  random\" data-active_color=\"#ffffff\" style=\"color: #ffffff;font-size: 70px;\">92%<\/span><\/div><h5 style=\"color: #363636\">de taux de satisfaction moyen en 2023, tous indicateurs confondus*<\/h5><\/div>[\/vc_column_inner][vc_column_inner width=\u00a0\u00bb1\/3&Prime;]<div class=\"q_counter_holder  center\" style=\"\"><div class=\"q_counter_inner\"><span class=\"counter  random\" data-active_color=\"#ffffff\" style=\"color: #ffffff;font-size: 70px;\">100%<\/span><\/div><h5 style=\"color: #363636\">de taux de recommandation des actions de formation men\u00e9es en 2023*<\/h5><\/div>[\/vc_column_inner][\/vc_row_inner][vc_column_text css=\u00a0\u00bb\u00a0\u00bb]<\/p>\n<p style=\"text-align: center;\" data-pm-slice=\"1 1 [&quot;list&quot;,{},&quot;list_item&quot;,{&quot;indent&quot;:1,&quot;type&quot;:&quot;bulleted&quot;}]\"><strong>* Donn\u00e9es au 1er f\u00e9vrier 2024<\/strong><\/p>\n<p>[\/vc_column_text][\/vc_column][\/vc_row][vc_row row_type=\u00a0\u00bbrow\u00a0\u00bb type=\u00a0\u00bbgrid\u00a0\u00bb text_align=\u00a0\u00bbleft\u00a0\u00bb padding_top=\u00a0\u00bb100&Prime; padding_bottom=\u00a0\u00bb90&Prime; css_animation=\u00a0\u00bb\u00a0\u00bb][vc_column width=\u00a0\u00bb1\/3&Prime; el_class=\u00a0\u00bbccentre left home-pour-nous-contact\u00a0\u00bb]<span class=\"fa-stack q_font_awsome_icon_holder q_font_awsome_icon_square fa-2x pull-center \" style=\"color: #631a45;border-color: #631a45; \" ><a href=\"https:\/\/kamae-conseil.com\/fr\/contact-kamae-conseil\/\" target=\"_self\" style=\"color: #631a45;\" ><i class=\"fa fa-at\"><\/i><\/a><\/span>[vc_empty_space height=\u00a0\u00bb16px\u00a0\u00bb]<div class=\"custom_font_holder\" style=\" font-size: 22px; line-height: 32px; font-style: normal; font-weight: 500; color: #363636; text-decoration: none; letter-spacing: 1px; margin: 0px 0px 15px 0px; text-align: center;\">POUR NOUS CONTACTER<\/div>[vc_empty_space height=\u00a0\u00bb48px\u00a0\u00bb]<a href=\"https:\/\/kamae-conseil.com\/fr\/contact-kamae-conseil\/\" target=\"_self\" class=\"qbutton normal_button medium\" style=\"color: #ffffff; background-color: #631a45;margin: 0 auto; \" data-hover-background-color=#631a45 data-hover-color=#ffffff><span>Cliquez ici<\/span><\/a>[\/vc_column][vc_column width=\u00a0\u00bb1\/3&Prime;][\/vc_column][vc_column width=\u00a0\u00bb1\/3&Prime;][vc_single_image image=\u00a0\u00bb23200&Prime; img_size=\u00a0\u00bbmedium\u00a0\u00bb alignment=\u00a0\u00bbright\u00a0\u00bb css=\u00a0\u00bb\u00a0\u00bb qode_css_animation=\u00a0\u00bb\u00a0\u00bb][\/vc_column][\/vc_row]<\/p>\n<\/div>","protected":false},"excerpt":{"rendered":"<p>[vc_row row_type=\u00a0\u00bbrow\u00a0\u00bb type=\u00a0\u00bbgrid\u00a0\u00bb anchor=\u00a0\u00bbqui\u00a0\u00bb text_align=\u00a0\u00bbleft\u00a0\u00bb pattern_background=\u00a0\u00bbpattern_background\u00a0\u00bb css_animation=\u00a0\u00bb\u00a0\u00bb][vc_column][vc_raw_html]JTNDYSUyMGlkJTNEJTIycXVpJTIyJTIwY2xhc3MlM0QlMjJvbiUyMGhpZGRlbiUyMiUzRSUwQSUwOSUwOSUwOSUzQ3NwYW4lMjBjbGFzcyUzRCUyMmZhLXN0YWNrJTIyJTNFJTBBJTA5JTA5JTA5JTA5JTNDaSUyMHN0eWxlJTNEJTIyJTIyJTIwY2xhc3MlM0QlMjJmYSUyMGZhLWFuZ2xlLXVwJTIwJTIyJTNFJTNDJTJGaSUzRSUwQSUwOSUwOSUwOSUzQyUyRnNwYW4lM0UlMEElMDklMDklM0MlMkZhJTNF[\/vc_raw_html][vc_separator type=\u00a0\u00bbtransparent\u00a0\u00bb thickness=\u00a0\u00bb10&Prime;][vc_separator type=\u00a0\u00bbtransparent\u00a0\u00bb thickness=\u00a0\u00bb30&Prime;][\/vc_column][vc_column][vc_row_inner row_type=\u00a0\u00bbrow\u00a0\u00bb type=\u00a0\u00bbfull_width\u00a0\u00bb text_align=\u00a0\u00bbleft\u00a0\u00bb css_animation=\u00a0\u00bb\u00a0\u00bb][vc_column_inner width=\u00a0\u00bb1\/2&Prime;][vc_column_text] Parce que&#8230;<\/p>\n","protected":false},"author":1,"featured_media":0,"parent":21513,"menu_order":0,"comment_status":"closed","ping_status":"closed","template":"full_width.php","meta":{"om_disable_all_campaigns":false,"footnotes":""},"class_list":["post-20120","page","type-page","status-publish","hentry"],"yoast_head":"<!-- This site is optimized with the Yoast SEO plugin v26.0 - https:\/\/yoast.com\/wordpress\/plugins\/seo\/ -->\n<title>Accueil - Kamae Conseil<\/title>\n<meta name=\"robots\" content=\"index, follow, max-snippet:-1, max-image-preview:large, max-video-preview:-1\" \/>\n<link rel=\"canonical\" href=\"https:\/\/kamae-conseil.com\/fr\/\" \/>\n<meta property=\"og:locale\" content=\"fr_FR\" \/>\n<meta property=\"og:type\" content=\"article\" \/>\n<meta property=\"og:title\" content=\"Accueil - Kamae Conseil\" \/>\n<meta property=\"og:description\" content=\"[vc_row row_type=\u00a0\u00bbrow\u00a0\u00bb type=\u00a0\u00bbgrid\u00a0\u00bb anchor=\u00a0\u00bbqui\u00a0\u00bb text_align=\u00a0\u00bbleft\u00a0\u00bb pattern_background=\u00a0\u00bbpattern_background\u00a0\u00bb css_animation=\u00a0\u00bb\u00a0\u00bb][vc_column][vc_raw_html]JTNDYSUyMGlkJTNEJTIycXVpJTIyJTIwY2xhc3MlM0QlMjJvbiUyMGhpZGRlbiUyMiUzRSUwQSUwOSUwOSUwOSUzQ3NwYW4lMjBjbGFzcyUzRCUyMmZhLXN0YWNrJTIyJTNFJTBBJTA5JTA5JTA5JTA5JTNDaSUyMHN0eWxlJTNEJTIyJTIyJTIwY2xhc3MlM0QlMjJmYSUyMGZhLWFuZ2xlLXVwJTIwJTIyJTNFJTNDJTJGaSUzRSUwQSUwOSUwOSUwOSUzQyUyRnNwYW4lM0UlMEElMDklMDklM0MlMkZhJTNF[\/vc_raw_html][vc_separator type=\u00a0\u00bbtransparent\u00a0\u00bb thickness=\u00a0\u00bb10&Prime;][vc_separator type=\u00a0\u00bbtransparent\u00a0\u00bb thickness=\u00a0\u00bb30&Prime;][\/vc_column][vc_column][vc_row_inner row_type=\u00a0\u00bbrow\u00a0\u00bb type=\u00a0\u00bbfull_width\u00a0\u00bb text_align=\u00a0\u00bbleft\u00a0\u00bb css_animation=\u00a0\u00bb\u00a0\u00bb][vc_column_inner width=\u00a0\u00bb1\/2&Prime;][vc_column_text] Parce que...\" \/>\n<meta property=\"og:url\" content=\"https:\/\/kamae-conseil.com\/fr\/\" \/>\n<meta property=\"og:site_name\" content=\"Kamae Conseil\" \/>\n<meta property=\"article:modified_time\" content=\"2024-07-02T16:23:27+00:00\" \/>\n<meta name=\"twitter:label1\" content=\"Dur\u00e9e de lecture estim\u00e9e\" \/>\n\t<meta name=\"twitter:data1\" content=\"3 minutes\" \/>\n<script type=\"application\/ld+json\" class=\"yoast-schema-graph\">{\"@context\":\"https:\/\/schema.org\",\"@graph\":[{\"@type\":\"WebPage\",\"@id\":\"https:\/\/kamae-conseil.com\/fr\/\",\"url\":\"https:\/\/kamae-conseil.com\/fr\/\",\"name\":\"Accueil - Kamae Conseil\",\"isPartOf\":{\"@id\":\"https:\/\/kamae-conseil.com\/fr\/#website\"},\"datePublished\":\"2014-11-11T05:00:06+00:00\",\"dateModified\":\"2024-07-02T16:23:27+00:00\",\"breadcrumb\":{\"@id\":\"https:\/\/kamae-conseil.com\/fr\/#breadcrumb\"},\"inLanguage\":\"fr-FR\",\"potentialAction\":[{\"@type\":\"ReadAction\",\"target\":[\"https:\/\/kamae-conseil.com\/fr\/\"]}]},{\"@type\":\"BreadcrumbList\",\"@id\":\"https:\/\/kamae-conseil.com\/fr\/#breadcrumb\",\"itemListElement\":[{\"@type\":\"ListItem\",\"position\":1,\"name\":\"Home\",\"item\":\"https:\/\/kamae-conseil.com\/fr\/\"},{\"@type\":\"ListItem\",\"position\":2,\"name\":\"Mentions l\u00e9gales\",\"item\":\"https:\/\/kamae-conseil.com\/fr\/mentions-legales\/\"},{\"@type\":\"ListItem\",\"position\":3,\"name\":\"Accueil\"}]},{\"@type\":\"WebSite\",\"@id\":\"https:\/\/kamae-conseil.com\/fr\/#website\",\"url\":\"https:\/\/kamae-conseil.com\/fr\/\",\"name\":\"Kamae Conseil\",\"description\":\"\",\"potentialAction\":[{\"@type\":\"SearchAction\",\"target\":{\"@type\":\"EntryPoint\",\"urlTemplate\":\"https:\/\/kamae-conseil.com\/fr\/?s={search_term_string}\"},\"query-input\":{\"@type\":\"PropertyValueSpecification\",\"valueRequired\":true,\"valueName\":\"search_term_string\"}}],\"inLanguage\":\"fr-FR\"}]}<\/script>\n<!-- \/ Yoast SEO plugin. -->","yoast_head_json":{"title":"Accueil - Kamae Conseil","robots":{"index":"index","follow":"follow","max-snippet":"max-snippet:-1","max-image-preview":"max-image-preview:large","max-video-preview":"max-video-preview:-1"},"canonical":"https:\/\/kamae-conseil.com\/fr\/","og_locale":"fr_FR","og_type":"article","og_title":"Accueil - Kamae Conseil","og_description":"[vc_row row_type=\u00a0\u00bbrow\u00a0\u00bb type=\u00a0\u00bbgrid\u00a0\u00bb anchor=\u00a0\u00bbqui\u00a0\u00bb text_align=\u00a0\u00bbleft\u00a0\u00bb pattern_background=\u00a0\u00bbpattern_background\u00a0\u00bb css_animation=\u00a0\u00bb\u00a0\u00bb][vc_column][vc_raw_html]JTNDYSUyMGlkJTNEJTIycXVpJTIyJTIwY2xhc3MlM0QlMjJvbiUyMGhpZGRlbiUyMiUzRSUwQSUwOSUwOSUwOSUzQ3NwYW4lMjBjbGFzcyUzRCUyMmZhLXN0YWNrJTIyJTNFJTBBJTA5JTA5JTA5JTA5JTNDaSUyMHN0eWxlJTNEJTIyJTIyJTIwY2xhc3MlM0QlMjJmYSUyMGZhLWFuZ2xlLXVwJTIwJTIyJTNFJTNDJTJGaSUzRSUwQSUwOSUwOSUwOSUzQyUyRnNwYW4lM0UlMEElMDklMDklM0MlMkZhJTNF[\/vc_raw_html][vc_separator type=\u00a0\u00bbtransparent\u00a0\u00bb thickness=\u00a0\u00bb10&Prime;][vc_separator type=\u00a0\u00bbtransparent\u00a0\u00bb thickness=\u00a0\u00bb30&Prime;][\/vc_column][vc_column][vc_row_inner row_type=\u00a0\u00bbrow\u00a0\u00bb type=\u00a0\u00bbfull_width\u00a0\u00bb text_align=\u00a0\u00bbleft\u00a0\u00bb css_animation=\u00a0\u00bb\u00a0\u00bb][vc_column_inner width=\u00a0\u00bb1\/2&Prime;][vc_column_text] Parce que...","og_url":"https:\/\/kamae-conseil.com\/fr\/","og_site_name":"Kamae Conseil","article_modified_time":"2024-07-02T16:23:27+00:00","twitter_misc":{"Dur\u00e9e de lecture estim\u00e9e":"3 minutes"},"schema":{"@context":"https:\/\/schema.org","@graph":[{"@type":"WebPage","@id":"https:\/\/kamae-conseil.com\/fr\/","url":"https:\/\/kamae-conseil.com\/fr\/","name":"Accueil - Kamae Conseil","isPartOf":{"@id":"https:\/\/kamae-conseil.com\/fr\/#website"},"datePublished":"2014-11-11T05:00:06+00:00","dateModified":"2024-07-02T16:23:27+00:00","breadcrumb":{"@id":"https:\/\/kamae-conseil.com\/fr\/#breadcrumb"},"inLanguage":"fr-FR","potentialAction":[{"@type":"ReadAction","target":["https:\/\/kamae-conseil.com\/fr\/"]}]},{"@type":"BreadcrumbList","@id":"https:\/\/kamae-conseil.com\/fr\/#breadcrumb","itemListElement":[{"@type":"ListItem","position":1,"name":"Home","item":"https:\/\/kamae-conseil.com\/fr\/"},{"@type":"ListItem","position":2,"name":"Mentions l\u00e9gales","item":"https:\/\/kamae-conseil.com\/fr\/mentions-legales\/"},{"@type":"ListItem","position":3,"name":"Accueil"}]},{"@type":"WebSite","@id":"https:\/\/kamae-conseil.com\/fr\/#website","url":"https:\/\/kamae-conseil.com\/fr\/","name":"Kamae Conseil","description":"","potentialAction":[{"@type":"SearchAction","target":{"@type":"EntryPoint","urlTemplate":"https:\/\/kamae-conseil.com\/fr\/?s={search_term_string}"},"query-input":{"@type":"PropertyValueSpecification","valueRequired":true,"valueName":"search_term_string"}}],"inLanguage":"fr-FR"}]}},"_links":{"self":[{"href":"https:\/\/kamae-conseil.com\/fr\/wp-json\/wp\/v2\/pages\/20120","targetHints":{"allow":["GET"]}}],"collection":[{"href":"https:\/\/kamae-conseil.com\/fr\/wp-json\/wp\/v2\/pages"}],"about":[{"href":"https:\/\/kamae-conseil.com\/fr\/wp-json\/wp\/v2\/types\/page"}],"author":[{"embeddable":true,"href":"https:\/\/kamae-conseil.com\/fr\/wp-json\/wp\/v2\/users\/1"}],"replies":[{"embeddable":true,"href":"https:\/\/kamae-conseil.com\/fr\/wp-json\/wp\/v2\/comments?post=20120"}],"version-history":[{"count":25,"href":"https:\/\/kamae-conseil.com\/fr\/wp-json\/wp\/v2\/pages\/20120\/revisions"}],"predecessor-version":[{"id":23201,"href":"https:\/\/kamae-conseil.com\/fr\/wp-json\/wp\/v2\/pages\/20120\/revisions\/23201"}],"up":[{"embeddable":true,"href":"https:\/\/kamae-conseil.com\/fr\/wp-json\/wp\/v2\/pages\/21513"}],"wp:attachment":[{"href":"https:\/\/kamae-conseil.com\/fr\/wp-json\/wp\/v2\/media?parent=20120"}],"curies":[{"name":"wp","href":"https:\/\/api.w.org\/{rel}","templated":true}]}}